{"id":285,"date":"2024-10-31T21:10:10","date_gmt":"2024-10-31T20:10:10","guid":{"rendered":"https:\/\/nefdesmeeples.fr\/?page_id=285"},"modified":"2024-10-31T21:10:11","modified_gmt":"2024-10-31T20:10:11","slug":"devenez-benevole-a-la-nef-des-meeples","status":"publish","type":"page","link":"https:\/\/nefdesmeeples.fr\/index.php\/devenez-benevole-a-la-nef-des-meeples\/","title":{"rendered":"Devenez b\u00e9n\u00e9vole \u00e0 la Nef des Meeples"},"content":{"rendered":"<div class=\"wp-block-image\">\n<figure class=\"alignleft size-full is-resized\"><img data-recalc-dims=\"1\" loading=\"lazy\" decoding=\"async\" width=\"640\" height=\"640\" src=\"https:\/\/i0.wp.com\/nefdesmeeples.fr\/wp-content\/uploads\/2024\/10\/DALL%C2%B7E-2024-10-31-21.08.59-An-outdoor-event-for-La-Nef-des-Meeples-featuring-a-friendly-male-and-female-trainer-welcoming-visitors.-They-are-both-wearing-bright-yellow-T-shirts-.webp?resize=640%2C640&#038;ssl=1\" alt=\"\" class=\"wp-image-286\" style=\"width:292px;height:auto\" srcset=\"https:\/\/i0.wp.com\/nefdesmeeples.fr\/wp-content\/uploads\/2024\/10\/DALL%C2%B7E-2024-10-31-21.08.59-An-outdoor-event-for-La-Nef-des-Meeples-featuring-a-friendly-male-and-female-trainer-welcoming-visitors.-They-are-both-wearing-bright-yellow-T-shirts-.webp?w=1024&amp;ssl=1 1024w, https:\/\/i0.wp.com\/nefdesmeeples.fr\/wp-content\/uploads\/2024\/10\/DALL%C2%B7E-2024-10-31-21.08.59-An-outdoor-event-for-La-Nef-des-Meeples-featuring-a-friendly-male-and-female-trainer-welcoming-visitors.-They-are-both-wearing-bright-yellow-T-shirts-.webp?resize=300%2C300&amp;ssl=1 300w, https:\/\/i0.wp.com\/nefdesmeeples.fr\/wp-content\/uploads\/2024\/10\/DALL%C2%B7E-2024-10-31-21.08.59-An-outdoor-event-for-La-Nef-des-Meeples-featuring-a-friendly-male-and-female-trainer-welcoming-visitors.-They-are-both-wearing-bright-yellow-T-shirts-.webp?resize=150%2C150&amp;ssl=1 150w, https:\/\/i0.wp.com\/nefdesmeeples.fr\/wp-content\/uploads\/2024\/10\/DALL%C2%B7E-2024-10-31-21.08.59-An-outdoor-event-for-La-Nef-des-Meeples-featuring-a-friendly-male-and-female-trainer-welcoming-visitors.-They-are-both-wearing-bright-yellow-T-shirts-.webp?resize=768%2C768&amp;ssl=1 768w\" sizes=\"auto, (max-width: 640px) 100vw, 640px\" \/><\/figure>\n<\/div>\n\n\n<p>Tu as envie de mettre ton \u00e9nergie et ton sourire au service d\u2019une super aventure\u202f? Rejoins l\u2019\u00e9quipage des b\u00e9n\u00e9voles de La Nef des Meeples\u202f! Ici, pas besoin de longue-vue ni de sabre : juste une bonne dose de bonne humeur et l\u2019envie de partager des moments inoubliables autour des jeux de soci\u00e9t\u00e9.<\/p>\n\n\n\n<p>En tant que b\u00e9n\u00e9vole, tu aideras \u00e0 accueillir les nouveaux aventuriers, expliquer les r\u00e8gles de jeu, et r\u00e9pandre une bonne ambiance contagieuse. Et promis, le plus dur sera de ne pas \u00e9clater de rire au beau milieu d\u2019une partie.<\/p>\n\n\n\n<p>Alors, partant pour rejoindre notre joyeuse bande et faire partie de l\u2019aventure\u202f? On t\u2019attend\u202f!<\/p>\n\n\n<div class=\"wpforms-container wpforms-container-full wpforms-block wpforms-block-a104afb3-6617-4218-a7d1-76e09cbcba51 wpforms-render-modern\" id=\"wpforms-281\"><form id=\"wpforms-form-281\" class=\"wpforms-validate wpforms-form wpforms-ajax-form\" data-formid=\"281\" method=\"post\" enctype=\"multipart\/form-data\" action=\"\/index.php\/wp-json\/wp\/v2\/pages\/285\" data-token=\"91e8cd68f12a30871449344d0551be8b\" data-token-time=\"1775960596\"><noscript class=\"wpforms-error-noscript\">Veuillez activer JavaScript dans votre navigateur pour remplir ce formulaire.<\/noscript><div id=\"wpforms-error-noscript\" style=\"display: none;\">Veuillez activer JavaScript dans votre navigateur pour remplir ce formulaire.<\/div><div class=\"wpforms-field-container\">\t\t<div id=\"wpforms-281-field_4-container\"\n\t\t\tclass=\"wpforms-field wpforms-field-text\"\n\t\t\tdata-field-type=\"text\"\n\t\t\tdata-field-id=\"4\"\n\t\t\t>\n\t\t\t<label class=\"wpforms-field-label\" for=\"wpforms-281-field_4\" >Num\u00e9ro de ou<\/label>\n\t\t\t<input type=\"text\" id=\"wpforms-281-field_4\" class=\"wpforms-field-medium\" name=\"wpforms[fields][4]\" >\n\t\t<\/div>\n\t\t<div id=\"wpforms-281-field_1-container\" class=\"wpforms-field wpforms-field-name\" data-field-id=\"1\"><fieldset><legend class=\"wpforms-field-label\">Nom <span class=\"wpforms-required-label\" aria-hidden=\"true\">*<\/span><\/legend><div class=\"wpforms-field-row wpforms-field-large\"><div class=\"wpforms-field-row-block wpforms-first wpforms-one-half\"><input type=\"text\" id=\"wpforms-281-field_1\" class=\"wpforms-field-name-first wpforms-field-required\" name=\"wpforms[fields][1][first]\" aria-errormessage=\"wpforms-281-field_1-error\" required><label for=\"wpforms-281-field_1\" class=\"wpforms-field-sublabel after\">Pr\u00e9nom<\/label><\/div><div class=\"wpforms-field-row-block wpforms-one-half\"><input type=\"text\" id=\"wpforms-281-field_1-last\" class=\"wpforms-field-name-last wpforms-field-required\" name=\"wpforms[fields][1][last]\" aria-errormessage=\"wpforms-281-field_1-last-error\" required><label for=\"wpforms-281-field_1-last\" class=\"wpforms-field-sublabel after\">Nom<\/label><\/div><\/div><\/fieldset><\/div><div id=\"wpforms-281-field_2-container\" class=\"wpforms-field wpforms-field-email\" data-field-id=\"2\"><label class=\"wpforms-field-label\" for=\"wpforms-281-field_2\">E-mail <span class=\"wpforms-required-label\" aria-hidden=\"true\">*<\/span><\/label><input type=\"email\" id=\"wpforms-281-field_2\" class=\"wpforms-field-large wpforms-field-required\" name=\"wpforms[fields][2]\" spellcheck=\"false\" aria-errormessage=\"wpforms-281-field_2-error\" required><\/div><div id=\"wpforms-281-field_5-container\" class=\"wpforms-field wpforms-field-text\" data-field-id=\"5\"><label class=\"wpforms-field-label\" for=\"wpforms-281-field_5\">Num\u00e9ro de t\u00e9l\u00e9phone <span class=\"wpforms-required-label\" aria-hidden=\"true\">*<\/span><\/label><input type=\"text\" id=\"wpforms-281-field_5\" class=\"wpforms-field-large wpforms-field-required\" name=\"wpforms[fields][5]\" value=\"060101010101\" aria-errormessage=\"wpforms-281-field_5-error\" required><\/div><div id=\"wpforms-281-field_3-container\" class=\"wpforms-field wpforms-field-textarea\" data-field-id=\"3\"><label class=\"wpforms-field-label\" for=\"wpforms-281-field_3\">Commentaire ou message<\/label><textarea id=\"wpforms-281-field_3\" class=\"wpforms-field-large\" name=\"wpforms[fields][3]\" aria-errormessage=\"wpforms-281-field_3-error\" ><\/textarea><\/div><div id=\"wpforms-281-field_6-container\" class=\"wpforms-field wpforms-field-gdpr-checkbox\" data-field-id=\"6\"><label class=\"wpforms-field-label\">Accord RGPD <span class=\"wpforms-required-label\" aria-hidden=\"true\">*<\/span><\/label><ul id=\"wpforms-281-field_6\" class=\"wpforms-field-required\"><li class=\"choice-1\"><input type=\"checkbox\" id=\"wpforms-281-field_6_1\" name=\"wpforms[fields][6][]\" value=\"En validant ce formulaire, vous consentez au traitement de vos donn\u00e9es personnelles pour la gestion de votre candidature b\u00e9n\u00e9vole.\" aria-errormessage=\"wpforms-281-field_6_1-error\" aria-describedby=\"wpforms-281-field_6-description\" required ><label class=\"wpforms-field-label-inline\" for=\"wpforms-281-field_6_1\">En validant ce formulaire, vous consentez au traitement de vos donn\u00e9es personnelles pour la gestion de votre candidature b\u00e9n\u00e9vole.<\/label><\/li><\/ul><div id=\"wpforms-281-field_6-description\" class=\"wpforms-field-description\">Protection des donn\u00e9es personnelles :<br \/><br \/>\nLes informations recueillies dans ce formulaire sont enregistr\u00e9es par La Nef des Meeples, association loi 1901 \u00e0 but non lucratif, afin d\u2019\u00e9tudier les candidatures b\u00e9n\u00e9voles et de contacter les personnes int\u00e9ress\u00e9es par une participation \u00e0 nos \u00e9v\u00e9nements ou activit\u00e9s associatives.<br \/><br \/>\n\nLes donn\u00e9es collect\u00e9es (nom, pr\u00e9nom, e-mail, t\u00e9l\u00e9phone et message) sont n\u00e9cessaires au traitement de votre candidature.\nElles ne sont utilis\u00e9es que dans ce cadre et ne sont ni transmises \u00e0 des tiers, ni utilis\u00e9es \u00e0 d\u2019autres fins.<br \/><br \/>\n\nLes donn\u00e9es sont conserv\u00e9es pour une dur\u00e9e maximale de 12 mois apr\u00e8s le dernier contact avec le candidat, puis supprim\u00e9es selon la proc\u00e9dure d\u2019effacement semestrielle de l\u2019association.<br \/><br \/>\n\nConform\u00e9ment au R\u00e8glement (UE) 2016\/679 (RGPD) et \u00e0 la loi Informatique et Libert\u00e9s, vous disposez d\u2019un droit d\u2019acc\u00e8s, de rectification, d\u2019effacement, de limitation et d\u2019un droit d\u2019opposition pour motifs l\u00e9gitimes.<br \/><br \/>\n\nVous pouvez exercer ces droits en \u00e9crivant \u00e0 :<br \/>\n\ud83d\udce7 <a href=\"mailto:contact@nefdesmeeples.fr?subject=RGPD\">contact@nefdesmeeples.fr<\/a><\/div><\/div><script>\n\t\t\t\t( function() {\n\t\t\t\t\tconst style = document.createElement( 'style' );\n\t\t\t\t\tstyle.appendChild( document.createTextNode( '#wpforms-281-field_4-container { position: absolute !important; overflow: hidden !important; display: inline !important; height: 1px !important; width: 1px !important; z-index: -1000 !important; padding: 0 !important; } #wpforms-281-field_4-container input { visibility: hidden; } #wpforms-conversational-form-page #wpforms-281-field_4-container label { counter-increment: none; }' ) );\n\t\t\t\t\tdocument.head.appendChild( style );\n\t\t\t\t\tdocument.currentScript?.remove();\n\t\t\t\t} )();\n\t\t\t<\/script><\/div><!-- .wpforms-field-container --><div class=\"wpforms-submit-container\" ><input type=\"hidden\" name=\"wpforms[id]\" value=\"281\"><input type=\"hidden\" name=\"page_title\" value=\"\"><input type=\"hidden\" name=\"page_url\" value=\"https:\/\/nefdesmeeples.fr\/index.php\/wp-json\/wp\/v2\/pages\/285\"><input type=\"hidden\" name=\"url_referer\" value=\"\"><button type=\"submit\" name=\"wpforms[submit]\" id=\"wpforms-submit-281\" class=\"wpforms-submit\" data-alt-text=\"Envoi...\" data-submit-text=\"Envoyer\" aria-live=\"assertive\" value=\"wpforms-submit\">Envoyer<\/button><img loading=\"lazy\" decoding=\"async\" src=\"https:\/\/nefdesmeeples.fr\/wp-content\/plugins\/wpforms-lite\/assets\/images\/submit-spin.svg\" class=\"wpforms-submit-spinner\" style=\"display: none;\" width=\"26\" height=\"26\" alt=\"Chargement en cours\"><\/div><\/form><\/div>  <!-- .wpforms-container -->","protected":false},"excerpt":{"rendered":"<p>Tu as envie de mettre ton \u00e9nergie et ton sourire au service d\u2019une super aventure\u202f? Rejoins l\u2019\u00e9quipage des b\u00e9n\u00e9voles de La Nef des Meeples\u202f! Ici, pas besoin de longue-vue ni [&hellip;]<\/p>\n","protected":false},"author":2,"featured_media":0,"parent":0,"menu_order":0,"comment_status":"closed","ping_status":"closed","template":"","meta":{"advanced_seo_description":"","jetpack_seo_html_title":"","jetpack_seo_noindex":false,"_price":"","_stock":"","_tribe_ticket_header":"","_tribe_default_ticket_provider":"","_tribe_ticket_capacity":"0","_ticket_start_date":"","_ticket_end_date":"","_tribe_ticket_show_description":"","_tribe_ticket_show_not_going":false,"_tribe_ticket_use_global_stock":"","_tribe_ticket_global_stock_level":"","_global_stock_mode":"","_global_stock_cap":"","_tribe_rsvp_for_event":"","_tribe_ticket_going_count":"","_tribe_ticket_not_going_count":"","_tribe_tickets_list":"[]","_tribe_ticket_has_attendee_info_fields":false,"_EventAllDay":false,"_EventTimezone":"","_EventStartDate":"","_EventEndDate":"","_EventStartDateUTC":"","_EventEndDateUTC":"","_EventShowMap":false,"_EventShowMapLink":false,"_EventURL":"","_EventCost":"","_EventCostDescription":"","_EventCurrencySymbol":"","_EventCurrencyCode":"","_EventCurrencyPosition":"","_EventDateTimeSeparator":"","_EventTimeRangeSeparator":"","_EventOrganizerID":[],"_EventVenueID":[],"_OrganizerEmail":"","_OrganizerPhone":"","_OrganizerWebsite":"","_VenueAddress":"","_VenueCity":"","_VenueCountry":"","_VenueProvince":"","_VenueState":"","_VenueZip":"","_VenuePhone":"","_VenueURL":"","_VenueStateProvince":"","_VenueLat":"","_VenueLng":"","_VenueShowMap":false,"_VenueShowMapLink":false,"footnotes":"","_tec_slr_enabled":"","_tec_slr_layout":""},"class_list":["post-285","page","type-page","status-publish","hentry"],"jetpack_sharing_enabled":true,"ticketed":false,"_links":{"self":[{"href":"https:\/\/nefdesmeeples.fr\/index.php\/wp-json\/wp\/v2\/pages\/285","targetHints":{"allow":["GET"]}}],"collection":[{"href":"https:\/\/nefdesmeeples.fr\/index.php\/wp-json\/wp\/v2\/pages"}],"about":[{"href":"https:\/\/nefdesmeeples.fr\/index.php\/wp-json\/wp\/v2\/types\/page"}],"author":[{"embeddable":true,"href":"https:\/\/nefdesmeeples.fr\/index.php\/wp-json\/wp\/v2\/users\/2"}],"replies":[{"embeddable":true,"href":"https:\/\/nefdesmeeples.fr\/index.php\/wp-json\/wp\/v2\/comments?post=285"}],"version-history":[{"count":1,"href":"https:\/\/nefdesmeeples.fr\/index.php\/wp-json\/wp\/v2\/pages\/285\/revisions"}],"predecessor-version":[{"id":288,"href":"https:\/\/nefdesmeeples.fr\/index.php\/wp-json\/wp\/v2\/pages\/285\/revisions\/288"}],"wp:attachment":[{"href":"https:\/\/nefdesmeeples.fr\/index.php\/wp-json\/wp\/v2\/media?parent=285"}],"curies":[{"name":"wp","href":"https:\/\/api.w.org\/{rel}","templated":true}]}}