{"id":314,"date":"2024-12-04T12:29:19","date_gmt":"2024-12-04T11:29:19","guid":{"rendered":"https:\/\/nefdesmeeples.fr\/?page_id=314"},"modified":"2025-10-22T13:17:04","modified_gmt":"2025-10-22T11:17:04","slug":"nos-jeux","status":"publish","type":"page","link":"https:\/\/nefdesmeeples.fr\/index.php\/nos-jeux\/","title":{"rendered":"Nos jeux"},"content":{"rendered":"\n<div class=\"wp-block-buttons is-content-justification-center is-layout-flex wp-container-core-buttons-is-layout-16018d1d wp-block-buttons-is-layout-flex\">\n<div class=\"wp-block-button has-custom-width wp-block-button__width-100 is-style-fill\"><a class=\"wp-block-button__link has-x-large-font-size has-custom-font-size wp-element-button\" href=\"https:\/\/www.myludo.fr\/#!\/profil\/la-nef-des-meeples-90227\/collection\/*\/*\/*\/*\/*\/*\/*\/*\/*\/18\/bytitle\" target=\"_blank\" rel=\"noreferrer noopener\"><strong>Notre Ludoth\u00e8que<\/strong><\/a><\/div>\n<\/div>\n\n\n<div class=\"wp-block-image\">\n<figure class=\"alignright size-large is-resized\"><img data-recalc-dims=\"1\" loading=\"lazy\" decoding=\"async\" width=\"640\" height=\"366\" src=\"https:\/\/i0.wp.com\/nefdesmeeples.fr\/wp-content\/uploads\/2024\/12\/DALL%C2%B7E-2024-12-04-12.27.43-A-grand-fantastical-library-like-space-located-inside-a-massive-and-mystical-cave.-Towering-rocky-shelves-carved-into-the-cave-walls-are-filled-with-.webp?resize=640%2C366&#038;ssl=1\" alt=\"\" class=\"wp-image-316\" style=\"width:524px;height:auto\" srcset=\"https:\/\/i0.wp.com\/nefdesmeeples.fr\/wp-content\/uploads\/2024\/12\/DALL%C2%B7E-2024-12-04-12.27.43-A-grand-fantastical-library-like-space-located-inside-a-massive-and-mystical-cave.-Towering-rocky-shelves-carved-into-the-cave-walls-are-filled-with-.webp?resize=1024%2C585&amp;ssl=1 1024w, https:\/\/i0.wp.com\/nefdesmeeples.fr\/wp-content\/uploads\/2024\/12\/DALL%C2%B7E-2024-12-04-12.27.43-A-grand-fantastical-library-like-space-located-inside-a-massive-and-mystical-cave.-Towering-rocky-shelves-carved-into-the-cave-walls-are-filled-with-.webp?resize=300%2C171&amp;ssl=1 300w, https:\/\/i0.wp.com\/nefdesmeeples.fr\/wp-content\/uploads\/2024\/12\/DALL%C2%B7E-2024-12-04-12.27.43-A-grand-fantastical-library-like-space-located-inside-a-massive-and-mystical-cave.-Towering-rocky-shelves-carved-into-the-cave-walls-are-filled-with-.webp?resize=768%2C439&amp;ssl=1 768w, https:\/\/i0.wp.com\/nefdesmeeples.fr\/wp-content\/uploads\/2024\/12\/DALL%C2%B7E-2024-12-04-12.27.43-A-grand-fantastical-library-like-space-located-inside-a-massive-and-mystical-cave.-Towering-rocky-shelves-carved-into-the-cave-walls-are-filled-with-.webp?resize=1536%2C878&amp;ssl=1 1536w, https:\/\/i0.wp.com\/nefdesmeeples.fr\/wp-content\/uploads\/2024\/12\/DALL%C2%B7E-2024-12-04-12.27.43-A-grand-fantastical-library-like-space-located-inside-a-massive-and-mystical-cave.-Towering-rocky-shelves-carved-into-the-cave-walls-are-filled-with-.webp?w=1792&amp;ssl=1 1792w, https:\/\/i0.wp.com\/nefdesmeeples.fr\/wp-content\/uploads\/2024\/12\/DALL%C2%B7E-2024-12-04-12.27.43-A-grand-fantastical-library-like-space-located-inside-a-massive-and-mystical-cave.-Towering-rocky-shelves-carved-into-the-cave-walls-are-filled-with-.webp?w=1280&amp;ssl=1 1280w\" sizes=\"auto, (max-width: 640px) 100vw, 640px\" \/><\/figure>\n<\/div>\n\n\n<p><\/p>\n\n\n\n<p><strong>Les Tr\u00e9sors de La Nef des Meeples : La Ludoth\u00e8que du Capitaine !<\/strong><\/p>\n\n\n\n<p><strong>Ahoy, aventuriers des plateaux et strat\u00e8ges des meeples ! \ud83c\udff4\u200d\u2620\ufe0f<\/strong><br>Bienvenue \u00e0 bord de <em>La Nef des Meeples<\/em>, l\u00e0 o\u00f9 les tr\u00e9sors ludiques s\u2019offrent \u00e0 tous ceux qui osent voguer avec nous. Voici la cargaison actuelle de jeux que notre valeureux \u00e9quipage transporte fi\u00e8rement dans ses cales. Certes, notre tr\u00e9sor n\u2019est pas encore aussi vaste que celui d\u2019un roi pirate, mais chaque jeu a \u00e9t\u00e9 soigneusement s\u00e9lectionn\u00e9 pour garantir des heures d\u2019amusement, de d\u00e9fis et de moments m\u00e9morables.<\/p>\n\n\n\n<h3 class=\"wp-block-heading\"><strong>Un tr\u00e9sor accessible \u00e0 tous les membres !<\/strong><\/h3>\n\n\n\n<p>En devenant membre de <em>La Nef des Meeples<\/em>, vous gagnez bien plus qu\u2019un simple droit d\u2019entr\u00e9e : vous acc\u00e9dez \u00e0 cette ludoth\u00e8que unique et vari\u00e9e, \u00e0 tout moment, pour enrichir vos soir\u00e9es jeux ou partager des moments inoubliables avec votre \u00e9quipage personnel.<\/p>\n\n\n<div class=\"wp-block-image\">\n<figure class=\"alignleft size-large is-resized\"><img data-recalc-dims=\"1\" loading=\"lazy\" decoding=\"async\" width=\"640\" height=\"366\" src=\"https:\/\/i0.wp.com\/nefdesmeeples.fr\/wp-content\/uploads\/2024\/12\/DALL%C2%B7E-2024-12-04-22.32.36-An-expansive-grand-library-like-space-inside-the-hull-of-a-colossal-pirate-galleon-designed-with-intricate-details-inspired-by-20000-Leagues-Under.webp?resize=640%2C366&#038;ssl=1\" alt=\"\" class=\"wp-image-341\" style=\"width:391px;height:auto\" srcset=\"https:\/\/i0.wp.com\/nefdesmeeples.fr\/wp-content\/uploads\/2024\/12\/DALL%C2%B7E-2024-12-04-22.32.36-An-expansive-grand-library-like-space-inside-the-hull-of-a-colossal-pirate-galleon-designed-with-intricate-details-inspired-by-20000-Leagues-Under.webp?resize=1024%2C585&amp;ssl=1 1024w, https:\/\/i0.wp.com\/nefdesmeeples.fr\/wp-content\/uploads\/2024\/12\/DALL%C2%B7E-2024-12-04-22.32.36-An-expansive-grand-library-like-space-inside-the-hull-of-a-colossal-pirate-galleon-designed-with-intricate-details-inspired-by-20000-Leagues-Under.webp?resize=300%2C171&amp;ssl=1 300w, https:\/\/i0.wp.com\/nefdesmeeples.fr\/wp-content\/uploads\/2024\/12\/DALL%C2%B7E-2024-12-04-22.32.36-An-expansive-grand-library-like-space-inside-the-hull-of-a-colossal-pirate-galleon-designed-with-intricate-details-inspired-by-20000-Leagues-Under.webp?resize=768%2C439&amp;ssl=1 768w, https:\/\/i0.wp.com\/nefdesmeeples.fr\/wp-content\/uploads\/2024\/12\/DALL%C2%B7E-2024-12-04-22.32.36-An-expansive-grand-library-like-space-inside-the-hull-of-a-colossal-pirate-galleon-designed-with-intricate-details-inspired-by-20000-Leagues-Under.webp?resize=1536%2C878&amp;ssl=1 1536w, https:\/\/i0.wp.com\/nefdesmeeples.fr\/wp-content\/uploads\/2024\/12\/DALL%C2%B7E-2024-12-04-22.32.36-An-expansive-grand-library-like-space-inside-the-hull-of-a-colossal-pirate-galleon-designed-with-intricate-details-inspired-by-20000-Leagues-Under.webp?w=1792&amp;ssl=1 1792w, https:\/\/i0.wp.com\/nefdesmeeples.fr\/wp-content\/uploads\/2024\/12\/DALL%C2%B7E-2024-12-04-22.32.36-An-expansive-grand-library-like-space-inside-the-hull-of-a-colossal-pirate-galleon-designed-with-intricate-details-inspired-by-20000-Leagues-Under.webp?w=1280&amp;ssl=1 1280w\" sizes=\"auto, (max-width: 640px) 100vw, 640px\" \/><\/figure>\n<\/div>\n\n\n<p>Nos jeux, soigneusement rang\u00e9s dans les cales de notre association, sont disponibles lors de nos \u00e9v\u00e9nements, mais \u00e9galement pour des pr\u00eats exclusifs aux membres de la Nef. Que vous soyez novice en qu\u00eate de nouvelles d\u00e9couvertes ou un corsaire chevronn\u00e9 \u00e0 la recherche de d\u00e9fis strat\u00e9giques, vous trouverez toujours un jeu pour vous embarquer dans une aventure ludique.<\/p>\n\n\n\n<h3 class=\"wp-block-heading\"><strong>Un tr\u00e9sor en constante expansion<\/strong><\/h3>\n\n\n\n<p>Et ce n\u2019est que le d\u00e9but ! Avec chaque membre qui rejoint notre \u00e9quipage et chaque aventure organis\u00e9e, notre tr\u00e9sor grandit. Nous accueillons avec joie vos suggestions et contributions pour \u00e9toffer cette collection et garantir que chacun puisse trouver son bonheur.<\/p>\n\n\n\n<p>Alors, pr\u00eats \u00e0 hisser les voiles et \u00e0 plonger dans cet oc\u00e9an de jeux ? \u00c0 bord de <em>La Nef des Meeples<\/em>, les coffres sont ouverts, les rires sont partag\u00e9s, et chaque partie est une nouvelle aventure. \ud83c\udfb2\u26f5<\/p>\n\n\n\n<p><\/p>\n\n\n\n<p><\/p>\n\n\n\n<p><\/p>\n\n\n\n<h2 class=\"wp-block-heading\">La Nef des Meeples : En qu\u00eate de tr\u00e9sors ludiques !<\/h2>\n\n\n<div class=\"wp-block-image\">\n<figure class=\"alignleft size-full is-resized\"><img data-recalc-dims=\"1\" loading=\"lazy\" decoding=\"async\" width=\"640\" height=\"640\" src=\"https:\/\/i0.wp.com\/nefdesmeeples.fr\/wp-content\/uploads\/2024\/12\/11c5967a-3829-4f98-bc53-526f960fbfc5.webp?resize=640%2C640&#038;ssl=1\" alt=\"\" class=\"wp-image-315\" style=\"width:354px;height:auto\" srcset=\"https:\/\/i0.wp.com\/nefdesmeeples.fr\/wp-content\/uploads\/2024\/12\/11c5967a-3829-4f98-bc53-526f960fbfc5.webp?w=1024&amp;ssl=1 1024w, https:\/\/i0.wp.com\/nefdesmeeples.fr\/wp-content\/uploads\/2024\/12\/11c5967a-3829-4f98-bc53-526f960fbfc5.webp?resize=300%2C300&amp;ssl=1 300w, https:\/\/i0.wp.com\/nefdesmeeples.fr\/wp-content\/uploads\/2024\/12\/11c5967a-3829-4f98-bc53-526f960fbfc5.webp?resize=150%2C150&amp;ssl=1 150w, https:\/\/i0.wp.com\/nefdesmeeples.fr\/wp-content\/uploads\/2024\/12\/11c5967a-3829-4f98-bc53-526f960fbfc5.webp?resize=768%2C768&amp;ssl=1 768w\" sizes=\"auto, (max-width: 640px) 100vw, 640px\" \/><\/figure>\n<\/div>\n\n\n<p>La v\u00e9rit\u00e9, c\u2019est que notre fi\u00e8re embarcation, <em>La Nef des Meeples<\/em>, vogue encore avec des cales un peu l\u00e9g\u00e8res. Eh oui, les coffres de notre association ne d\u00e9bordent pas encore de doublons pour remplir nos \u00e9tag\u00e8res de jeux flambant neufs.<\/p>\n\n\n\n<p>Mais, que cela ne vous emp\u00eache pas d\u2019embarquer ! Pour l\u2019instant, ce sont les jeux du pr\u00e9sident \u2014 un noble capitaine au grand c\u0153ur (et aux \u00e9tag\u00e8res bien fournies) \u2014 qui servent de cargaison principale. Gracieusement pr\u00eat\u00e9s pour nos \u00e9v\u00e9nements, ils assurent que personne ne reparte bredouille d\u2019une partie \u00e9pique ou d\u2019une soir\u00e9e m\u00e9morable.<\/p>\n\n\n\n<p>Bien s\u00fbr, nous r\u00eavons de remplir nos coffres d\u2019un v\u00e9ritable tr\u00e9sor ludique, de quoi satisfaire tous les go\u00fbts, des novices aux vieux loups de mer du jeu de soci\u00e9t\u00e9. Alors si l\u2019envie vous prend de contribuer \u00e0 cette aventure en nous pr\u00eatant un jeu ou en nous offrant une pi\u00e8ce de votre collection, sachez que vous aurez notre gratitude \u00e9ternelle (et peut-\u00eatre m\u00eame une place au conseil de bord).<\/p>\n\n\n\n<p>D\u2019ici l\u00e0, hissez les voiles, rejoignez l\u2019\u00e9quipage, et ensemble, faisons naviguer <em>La Nef des Meeples<\/em> vers des horizons encore plus amusants !<\/p>\n\n\n\n<p>\u00c0 l\u2019abordage des bons moments, moussaillons ! \ud83d\udee1\ufe0f\ud83c\udccf<\/p>\n","protected":false},"excerpt":{"rendered":"<p>Les Tr\u00e9sors de La Nef des Meeples : La Ludoth\u00e8que du Capitaine ! Ahoy, aventuriers des plateaux et strat\u00e8ges des meeples ! \ud83c\udff4\u200d\u2620\ufe0fBienvenue \u00e0 bord de La Nef des Meeples, [&hellip;]<\/p>\n","protected":false},"author":2,"featured_media":0,"parent":0,"menu_order":0,"comment_status":"closed","ping_status":"closed","template":"","meta":{"advanced_seo_description":"","jetpack_seo_html_title":"","jetpack_seo_noindex":false,"_price":"","_stock":"","_tribe_ticket_header":"","_tribe_default_ticket_provider":"","_tribe_ticket_capacity":"0","_ticket_start_date":"","_ticket_end_date":"","_tribe_ticket_show_description":"","_tribe_ticket_show_not_going":false,"_tribe_ticket_use_global_stock":"","_tribe_ticket_global_stock_level":"","_global_stock_mode":"","_global_stock_cap":"","_tribe_rsvp_for_event":"","_tribe_ticket_going_count":"","_tribe_ticket_not_going_count":"","_tribe_tickets_list":"[]","_tribe_ticket_has_attendee_info_fields":false,"_EventAllDay":false,"_EventTimezone":"","_EventStartDate":"","_EventEndDate":"","_EventStartDateUTC":"","_EventEndDateUTC":"","_EventShowMap":false,"_EventShowMapLink":false,"_EventURL":"","_EventCost":"","_EventCostDescription":"","_EventCurrencySymbol":"","_EventCurrencyCode":"","_EventCurrencyPosition":"","_EventDateTimeSeparator":"","_EventTimeRangeSeparator":"","_EventOrganizerID":[],"_EventVenueID":[],"_OrganizerEmail":"","_OrganizerPhone":"","_OrganizerWebsite":"","_VenueAddress":"","_VenueCity":"","_VenueCountry":"","_VenueProvince":"","_VenueState":"","_VenueZip":"","_VenuePhone":"","_VenueURL":"","_VenueStateProvince":"","_VenueLat":"","_VenueLng":"","_VenueShowMap":false,"_VenueShowMapLink":false,"footnotes":"","_tec_slr_enabled":"","_tec_slr_layout":""},"class_list":["post-314","page","type-page","status-publish","hentry"],"jetpack_sharing_enabled":true,"ticketed":false,"_links":{"self":[{"href":"https:\/\/nefdesmeeples.fr\/index.php\/wp-json\/wp\/v2\/pages\/314","targetHints":{"allow":["GET"]}}],"collection":[{"href":"https:\/\/nefdesmeeples.fr\/index.php\/wp-json\/wp\/v2\/pages"}],"about":[{"href":"https:\/\/nefdesmeeples.fr\/index.php\/wp-json\/wp\/v2\/types\/page"}],"author":[{"embeddable":true,"href":"https:\/\/nefdesmeeples.fr\/index.php\/wp-json\/wp\/v2\/users\/2"}],"replies":[{"embeddable":true,"href":"https:\/\/nefdesmeeples.fr\/index.php\/wp-json\/wp\/v2\/comments?post=314"}],"version-history":[{"count":20,"href":"https:\/\/nefdesmeeples.fr\/index.php\/wp-json\/wp\/v2\/pages\/314\/revisions"}],"predecessor-version":[{"id":514,"href":"https:\/\/nefdesmeeples.fr\/index.php\/wp-json\/wp\/v2\/pages\/314\/revisions\/514"}],"wp:attachment":[{"href":"https:\/\/nefdesmeeples.fr\/index.php\/wp-json\/wp\/v2\/media?parent=314"}],"curies":[{"name":"wp","href":"https:\/\/api.w.org\/{rel}","templated":true}]}}