{"id":439,"date":"2024-12-15T00:47:43","date_gmt":"2024-12-14T23:47:43","guid":{"rendered":"https:\/\/nefdesmeeples.fr\/?page_id=439"},"modified":"2026-01-17T20:19:49","modified_gmt":"2026-01-17T19:19:49","slug":"formulaire-dadhesion-2025","status":"publish","type":"page","link":"https:\/\/nefdesmeeples.fr\/index.php\/formulaire-dadhesion-2025\/","title":{"rendered":"Formulaire d&rsquo;adh\u00e9sion"},"content":{"rendered":"\n<p>Rejoignez notre aventure ludique et devenez membre de notre association d\u00e9di\u00e9e aux jeux de soci\u00e9t\u00e9. En tant qu\u2019adh\u00e9rent, vous profiterez :<\/p>\n\n\n<div class=\"wp-block-image\">\n<figure class=\"alignleft size-full is-resized\"><img data-recalc-dims=\"1\" loading=\"lazy\" decoding=\"async\" width=\"640\" height=\"640\" src=\"https:\/\/i0.wp.com\/nefdesmeeples.fr\/wp-content\/uploads\/2024\/12\/DALL%C2%B7E-2024-12-15-01.11.42-A-bold-and-dynamic-recruitment-poster-inspired-by-vintage-I-Need-You-army-campaigns-reimagined-for-La-Nef-des-Meeples.-The-design-features-a-charis.webp?resize=640%2C640&#038;ssl=1\" alt=\"\" class=\"wp-image-445\" style=\"width:453px;height:auto\" srcset=\"https:\/\/i0.wp.com\/nefdesmeeples.fr\/wp-content\/uploads\/2024\/12\/DALL%C2%B7E-2024-12-15-01.11.42-A-bold-and-dynamic-recruitment-poster-inspired-by-vintage-I-Need-You-army-campaigns-reimagined-for-La-Nef-des-Meeples.-The-design-features-a-charis.webp?w=1024&amp;ssl=1 1024w, https:\/\/i0.wp.com\/nefdesmeeples.fr\/wp-content\/uploads\/2024\/12\/DALL%C2%B7E-2024-12-15-01.11.42-A-bold-and-dynamic-recruitment-poster-inspired-by-vintage-I-Need-You-army-campaigns-reimagined-for-La-Nef-des-Meeples.-The-design-features-a-charis.webp?resize=300%2C300&amp;ssl=1 300w, https:\/\/i0.wp.com\/nefdesmeeples.fr\/wp-content\/uploads\/2024\/12\/DALL%C2%B7E-2024-12-15-01.11.42-A-bold-and-dynamic-recruitment-poster-inspired-by-vintage-I-Need-You-army-campaigns-reimagined-for-La-Nef-des-Meeples.-The-design-features-a-charis.webp?resize=150%2C150&amp;ssl=1 150w, https:\/\/i0.wp.com\/nefdesmeeples.fr\/wp-content\/uploads\/2024\/12\/DALL%C2%B7E-2024-12-15-01.11.42-A-bold-and-dynamic-recruitment-poster-inspired-by-vintage-I-Need-You-army-campaigns-reimagined-for-La-Nef-des-Meeples.-The-design-features-a-charis.webp?resize=768%2C768&amp;ssl=1 768w\" sizes=\"auto, (max-width: 640px) 100vw, 640px\" \/><\/figure>\n<\/div>\n\n\n<ul class=\"wp-block-list\">\n<li>D\u2019un <strong>acc\u00e8s exclusif \u00e0 nos \u00e9v\u00e9nements<\/strong> et rencontres r\u00e9guli\u00e8res,<\/li>\n\n\n\n<li>De la possibilit\u00e9 de <strong>r\u00e9server vos places<\/strong> pour nos animations,<\/li>\n\n\n\n<li><strong>Emprunter des jeux<\/strong>\u00a0parmi notre ludoth\u00e8que pour vos propres soir\u00e9es.<\/li>\n\n\n\n<li>De la chance de <strong>participer activement \u00e0 la vie de l\u2019association<\/strong>.<\/li>\n<\/ul>\n\n\n\n<p>Votre adh\u00e9sion soutient notre mission de promouvoir le jeu de soci\u00e9t\u00e9 et de cr\u00e9er un espace de partage et de convivialit\u00e9 pour tous les passionn\u00e9s, novices ou experts.<\/p>\n\n\n\n<p><strong>Pr\u00eat \u00e0 embarquer avec nous ?<\/strong> Remplissez simplement le formulaire ci-dessous et effectuez votre paiement en ligne en toute s\u00e9curit\u00e9 gr\u00e2ce \u00e0 notre partenaire Stripe. \u00c0 tr\u00e8s bient\u00f4t autour d\u2019une table de jeu ! \ud83c\udfb2<br><\/p>\n\n\n\n<div class=\"wp-block-buttons is-layout-flex wp-block-buttons-is-layout-flex\">\n<div class=\"wp-block-button\"><a class=\"wp-block-button__link wp-element-button\" href=\"https:\/\/nefdesmeeples.fr\/wp-content\/uploads\/2026\/01\/Droits-des-adherents.pdf\" target=\"_blank\" rel=\"noreferrer noopener\">Droits des adh\u00e9rents<\/a><\/div>\n<\/div>\n\n\n\n<hr class=\"wp-block-separator alignwide has-alpha-channel-opacity\"\/>\n\n\n<style id=\"wpforms-css-vars-409-block-7e5e8326-1d57-4176-96be-5c082de840d6\">\n\t\t\t\t#wpforms-409.wpforms-block-7e5e8326-1d57-4176-96be-5c082de840d6 {\n\t\t\t\t--wpforms-field-size-input-height: 43px;\n--wpforms-field-size-input-spacing: 15px;\n--wpforms-field-size-font-size: 16px;\n--wpforms-field-size-line-height: 19px;\n--wpforms-field-size-padding-h: 14px;\n--wpforms-field-size-checkbox-size: 16px;\n--wpforms-field-size-sublabel-spacing: 5px;\n--wpforms-field-size-icon-size: 1;\n--wpforms-label-size-font-size: 16px;\n--wpforms-label-size-line-height: 19px;\n--wpforms-label-size-sublabel-font-size: 14px;\n--wpforms-label-size-sublabel-line-height: 17px;\n--wpforms-button-size-font-size: 17px;\n--wpforms-button-size-height: 41px;\n--wpforms-button-size-padding-h: 15px;\n--wpforms-button-size-margin-top: 10px;\n\t\t\t}\n\t\t\t<\/style><div class=\"wpforms-container wpforms-container-full wpforms-stripe wpforms-block wpforms-block-7e5e8326-1d57-4176-96be-5c082de840d6 wpforms-render-modern\" id=\"wpforms-409\"><form id=\"wpforms-form-409\" class=\"wpforms-validate wpforms-form wpforms-ajax-form\" data-formid=\"409\" method=\"post\" enctype=\"multipart\/form-data\" action=\"\/index.php\/wp-json\/wp\/v2\/pages\/439\" data-token=\"d50779473f728eedc3152edf67a384ec\" data-token-time=\"1775958879\"><noscript class=\"wpforms-error-noscript\">Veuillez activer JavaScript dans votre navigateur pour remplir ce formulaire.<\/noscript><div id=\"wpforms-error-noscript\" style=\"display: none;\">Veuillez activer JavaScript dans votre navigateur pour remplir ce formulaire.<\/div><div class=\"wpforms-field-container\">\t\t<div id=\"wpforms-409-field_5-container\"\n\t\t\tclass=\"wpforms-field wpforms-field-text\"\n\t\t\tdata-field-type=\"text\"\n\t\t\tdata-field-id=\"5\"\n\t\t\t>\n\t\t\t<label class=\"wpforms-field-label\" for=\"wpforms-409-field_5\" >pour an Votre<\/label>\n\t\t\t<input type=\"text\" id=\"wpforms-409-field_5\" class=\"wpforms-field-medium\" name=\"wpforms[fields][5]\" >\n\t\t<\/div>\n\t\t<div id=\"wpforms-409-field_1-container\" class=\"wpforms-field wpforms-field-name\" data-field-id=\"1\"><fieldset><legend class=\"wpforms-field-label\">Pr\u00e9nom et Nom <span class=\"wpforms-required-label\" aria-hidden=\"true\">*<\/span><\/legend><div class=\"wpforms-field-row wpforms-field-medium\"><div class=\"wpforms-field-row-block wpforms-first wpforms-one-half\"><input type=\"text\" id=\"wpforms-409-field_1\" class=\"wpforms-field-name-first wpforms-field-required\" name=\"wpforms[fields][1][first]\" aria-errormessage=\"wpforms-409-field_1-error\" required><label for=\"wpforms-409-field_1\" class=\"wpforms-field-sublabel after\">Pr\u00e9nom<\/label><\/div><div class=\"wpforms-field-row-block wpforms-one-half\"><input type=\"text\" id=\"wpforms-409-field_1-last\" class=\"wpforms-field-name-last wpforms-field-required\" name=\"wpforms[fields][1][last]\" aria-errormessage=\"wpforms-409-field_1-last-error\" required><label for=\"wpforms-409-field_1-last\" class=\"wpforms-field-sublabel after\">Nom<\/label><\/div><\/div><\/fieldset><\/div><div id=\"wpforms-409-field_2-container\" class=\"wpforms-field wpforms-field-email\" data-field-id=\"2\"><label class=\"wpforms-field-label\" for=\"wpforms-409-field_2\">E-mail <span class=\"wpforms-required-label\" aria-hidden=\"true\">*<\/span><\/label><input type=\"email\" id=\"wpforms-409-field_2\" class=\"wpforms-field-medium wpforms-field-required\" name=\"wpforms[fields][2]\" spellcheck=\"false\" aria-errormessage=\"wpforms-409-field_2-error\" required><\/div><div id=\"wpforms-409-field_4-container\" class=\"wpforms-field wpforms-field-text\" data-field-id=\"4\"><label class=\"wpforms-field-label\" for=\"wpforms-409-field_4\">Num\u00e9ro de t\u00e9l\u00e9phone<\/label><input type=\"text\" id=\"wpforms-409-field_4\" class=\"wpforms-field-medium\" name=\"wpforms[fields][4]\" aria-errormessage=\"wpforms-409-field_4-error\" ><\/div><div id=\"wpforms-409-field_6-container\" class=\"wpforms-field wpforms-field-number-slider\" data-field-id=\"6\"><label class=\"wpforms-field-label\" for=\"wpforms-409-field_6\">Votre age<\/label>\n<input\n\ttype=\"range\"\n\tid=\"wpforms-409-field_6\" class=\"wpforms-field-medium\" name=\"wpforms[fields][6]\" value=\"18\" aria-errormessage=\"wpforms-409-field_6-error\"\t\tmin=\"6\"\n\tmax=\"124\"\n\tstep=\"1\">\n\n<div class=\"wpforms-field-number-slider-hint\"\n\tdata-hint=\"Valeur s\u00e9lectionn\u00e9e\u00a0: {value}\">\n\tValeur s\u00e9lectionn\u00e9e\u00a0: <b>18<\/b><\/div>\n<\/div><div id=\"wpforms-409-field_12-container\" class=\"wpforms-field wpforms-field-payment-select wpforms-field-select-style-classic\" data-field-id=\"12\"><label class=\"wpforms-field-label\" for=\"wpforms-409-field_12\">Nos diff\u00e9rentes adh\u00e9sions pour 1 an <span class=\"wpforms-required-label\" aria-hidden=\"true\">*<\/span><\/label><select id=\"wpforms-409-field_12\" class=\"wpforms-payment-price wpforms-field-medium wpforms-field-required\" name=\"wpforms[fields][12]\" required=\"required\"><option value=\"1\" data-amount=\"0,00\" >Enfants\t&#8211; de 12 ans &#8211; 0,00 &euro;<\/option><option value=\"2\" data-amount=\"10,00\" >Jeunes\t12-18 ans &#8211; 10,00 &euro;<\/option><option value=\"3\" data-amount=\"15,00\" >\u00c9tudiants\t18 ans et plus\t\u00c9tudiants en cursus sup\u00e9rieur &#8211; 15,00 &euro;<\/option><option value=\"8\" data-amount=\"10,00\" >Demandeurs d&#039;emploi\t18 ans et plus\tSans emploi &#8211; 10,00 &euro;<\/option><option value=\"7\" data-amount=\"12,00\" >Adultes &#8211; Tarif r\u00e9duit\t18 ans et plus\tB\u00e9n\u00e9ficiaires des minima sociaux &#8211; 12,00 &euro;<\/option><option value=\"6\" data-amount=\"30,00\"  selected='selected'>Adultes &#8211; Tarif standard\t18-64 ans\tSalari\u00e9s ou non b\u00e9n\u00e9ficiaires d\u2019aide &#8211; 30,00 &euro;<\/option><option value=\"5\" data-amount=\"25,00\" >Seniors\t65 ans et plus\tRetrait\u00e9s &#8211; 25,00 &euro;<\/option><option value=\"4\" data-amount=\"50,00\" >Famille\tToutes tranches\tTarif familial (2 adultes + enfants) &#8211; 50,00 &euro;<\/option><\/select><\/div><div id=\"wpforms-409-field_9-container\" class=\"wpforms-field wpforms-field-payment-total wpforms-field-medium\" data-field-id=\"9\"><label class=\"wpforms-field-label\">Total<\/label><div class=\"wpforms-payment-total\" style=\"\">0,00 &euro;<\/div><input type=\"hidden\" id=\"wpforms-409-field_9\" class=\"wpforms-field-medium wpforms-payment-total\" name=\"wpforms[fields][9]\" value=\"0\"><\/div><div id=\"wpforms-409-field_7-container\" class=\"wpforms-field wpforms-field-stripe-credit-card\" data-field-id=\"7\"><label class=\"wpforms-field-label\">Carte bancaire Stripe <span class=\"wpforms-required-label\" aria-hidden=\"true\">*<\/span><\/label><div class=\"wpforms-field-row wpforms-no-columns wpforms-field-medium \" data-sublabel-position=\"above\" data-link-email=\"\" data-required=\"1\"><div id=\"wpforms-field-stripe-link-element-409\"><\/div><div id=\"wpforms-field-stripe-payment-element-409\"><\/div><input type=\"text\" class=\"wpforms-stripe-credit-card-hidden-input\" name=\"wpforms[stripe-credit-card-hidden-input-409]\" disabled style=\"display: none;\"><\/div><\/div><div id=\"wpforms-409-field_3-container\" class=\"wpforms-field wpforms-field-textarea\" data-field-id=\"3\"><label class=\"wpforms-field-label\" for=\"wpforms-409-field_3\">Commentaire ou message<\/label><textarea id=\"wpforms-409-field_3\" class=\"wpforms-field-medium\" name=\"wpforms[fields][3]\" aria-errormessage=\"wpforms-409-field_3-error\" ><\/textarea><\/div><div id=\"wpforms-409-field_14-container\" class=\"wpforms-field wpforms-field-gdpr-checkbox\" data-field-id=\"14\"><label class=\"wpforms-field-label\">Accord RGPD <span class=\"wpforms-required-label\" aria-hidden=\"true\">*<\/span><\/label><ul id=\"wpforms-409-field_14\" class=\"wpforms-field-required\"><li class=\"choice-1\"><input type=\"checkbox\" id=\"wpforms-409-field_14_1\" name=\"wpforms[fields][14][]\" value=\"En validant ce formulaire, vous reconnaissez avoir pris connaissance de la pr\u00e9sente information et consentez au traitement de vos donn\u00e9es personnelles pour la gestion de votre adh\u00e9sion.\" aria-errormessage=\"wpforms-409-field_14_1-error\" aria-describedby=\"wpforms-409-field_14-description\" required ><label class=\"wpforms-field-label-inline\" for=\"wpforms-409-field_14_1\">En validant ce formulaire, vous reconnaissez avoir pris connaissance de la pr\u00e9sente information et consentez au traitement de vos donn\u00e9es personnelles pour la gestion de votre adh\u00e9sion.<\/label><\/li><\/ul><div id=\"wpforms-409-field_14-description\" class=\"wpforms-field-description\">Protection des donn\u00e9es personnelles :<br \/>\nLes informations recueillies dans ce formulaire sont enregistr\u00e9es par La Nef des Meeples, association loi 1901 \u00e0 but non lucratif, afin de g\u00e9rer les adh\u00e9sions, les cotisations et la communication avec ses membres.<br \/><br \/>\nLes donn\u00e9es collect\u00e9es (nom, pr\u00e9nom, \u00e2ge, e-mail, t\u00e9l\u00e9phone, type d\u2019adh\u00e9sion, montant de la cotisation et informations de paiement via Stripe) sont n\u00e9cessaires \u00e0 la gestion administrative et comptable de l\u2019association, ainsi qu\u2019\u00e0 l\u2019envoi d\u2019informations relatives aux activit\u00e9s associatives (invitations, actualit\u00e9s, convocations).<br \/><br \/>\n\ud83d\udc49 Base l\u00e9gale du traitement :<br \/>\n    \u2022 Article 6-1-b du RGPD : ex\u00e9cution d\u2019un contrat (votre adh\u00e9sion)<br \/>\n    \u2022 Article 6-1-c du RGPD : respect d\u2019obligations l\u00e9gales comptables (conservation des justificatifs de paiement)<br \/><br \/>Si l\u2019adh\u00e9rent est mineur, son inscription doit \u00eatre r\u00e9alis\u00e9e par un parent ou repr\u00e9sentant l\u00e9gal, qui autorise express\u00e9ment le traitement des donn\u00e9es personnelles du mineur et son inscription \u00e0 l\u2019association.\nLe repr\u00e9sentant l\u00e9gal reste l\u2019interlocuteur privil\u00e9gi\u00e9 pour toute demande d\u2019acc\u00e8s, de rectification ou de suppression des donn\u00e9es.<br \/>\nLes paiements sont trait\u00e9s de mani\u00e8re s\u00e9curis\u00e9e par notre prestataire Stripe, conforme au RGPD et aux normes PCI DSS.<br \/>\nLes donn\u00e9es de carte bancaire ne sont jamais stock\u00e9es sur les serveurs de l\u2019association.<br \/><br \/>\nLes donn\u00e9es sont conserv\u00e9es :<br \/>\n    \u2022 pendant toute la dur\u00e9e de l\u2019adh\u00e9sion,<br \/>\n    \u2022 puis archiv\u00e9es pendant 5 ans \u00e0 des fins comptables (re\u00e7us de cotisation),<br \/>\n    \u2022 avant suppression automatique selon la proc\u00e9dure interne d\u2019effacement.<br \/><br \/>\nAucune donn\u00e9e personnelle n\u2019est transmise \u00e0 des tiers non autoris\u00e9s.<br \/>\nSeuls les membres du bureau de l\u2019association (pr\u00e9sident, tr\u00e9sorier, secr\u00e9taire) y ont acc\u00e8s pour la gestion administrative.<br \/>\nConform\u00e9ment au R\u00e8glement (UE) 2016\/679 (RGPD) et \u00e0 la loi Informatique et Libert\u00e9s, vous disposez d\u2019un droit d\u2019acc\u00e8s, de rectification, d\u2019effacement, de limitation, de portabilit\u00e9 et d\u2019un droit d\u2019opposition pour motifs l\u00e9gitimes.<br \/><br \/>\nVous pouvez exercer vos droits \u00e0 tout moment en \u00e9crivant \u00e0 :<br \/>\n\ud83d\udce7 <a href=\"mailto:contact@nefdesmeeples.fr?subject=RGPD\">contact@nefdesmeeples.fr<\/a><br \/><\/div><\/div><script>\n\t\t\t\t( function() {\n\t\t\t\t\tconst style = document.createElement( 'style' );\n\t\t\t\t\tstyle.appendChild( document.createTextNode( '#wpforms-409-field_5-container { position: absolute !important; overflow: hidden !important; display: inline !important; height: 1px !important; width: 1px !important; z-index: -1000 !important; padding: 0 !important; } #wpforms-409-field_5-container input { visibility: hidden; } #wpforms-conversational-form-page #wpforms-409-field_5-container label { counter-increment: none; }' ) );\n\t\t\t\t\tdocument.head.appendChild( style );\n\t\t\t\t\tdocument.currentScript?.remove();\n\t\t\t\t} )();\n\t\t\t<\/script><\/div><!-- .wpforms-field-container --><div class=\"wpforms-submit-container\" ><input type=\"hidden\" name=\"wpforms[id]\" value=\"409\"><input type=\"hidden\" name=\"page_title\" value=\"\"><input type=\"hidden\" name=\"page_url\" value=\"https:\/\/nefdesmeeples.fr\/index.php\/wp-json\/wp\/v2\/pages\/439\"><input type=\"hidden\" name=\"url_referer\" value=\"\"><button type=\"submit\" name=\"wpforms[submit]\" id=\"wpforms-submit-409\" class=\"wpforms-submit\" data-alt-text=\"Adh\u00e9sion en cours...\" data-submit-text=\"Adh\u00e9rer\" aria-live=\"assertive\" value=\"wpforms-submit\">Adh\u00e9rer<\/button><img loading=\"lazy\" decoding=\"async\" src=\"https:\/\/nefdesmeeples.fr\/wp-content\/plugins\/wpforms-lite\/assets\/images\/submit-spin.svg\" class=\"wpforms-submit-spinner\" style=\"display: none;\" width=\"26\" height=\"26\" alt=\"Chargement en cours\"><\/div><\/form><\/div>  <!-- .wpforms-container -->\n\n\n<figure class=\"wp-block-image size-full\"><img data-recalc-dims=\"1\" loading=\"lazy\" decoding=\"async\" width=\"640\" height=\"426\" src=\"https:\/\/i0.wp.com\/nefdesmeeples.fr\/wp-content\/uploads\/2026\/01\/droits-des-adherents.jpg?resize=640%2C426&#038;ssl=1\" alt=\"\" class=\"wp-image-669\" srcset=\"https:\/\/i0.wp.com\/nefdesmeeples.fr\/wp-content\/uploads\/2026\/01\/droits-des-adherents.jpg?w=800&amp;ssl=1 800w, https:\/\/i0.wp.com\/nefdesmeeples.fr\/wp-content\/uploads\/2026\/01\/droits-des-adherents.jpg?resize=300%2C200&amp;ssl=1 300w, https:\/\/i0.wp.com\/nefdesmeeples.fr\/wp-content\/uploads\/2026\/01\/droits-des-adherents.jpg?resize=768%2C512&amp;ssl=1 768w\" sizes=\"auto, (max-width: 640px) 100vw, 640px\" \/><\/figure>\n","protected":false},"excerpt":{"rendered":"<p>Rejoignez notre aventure ludique et devenez membre de notre association d\u00e9di\u00e9e aux jeux de soci\u00e9t\u00e9. En tant qu\u2019adh\u00e9rent, vous profiterez : Votre adh\u00e9sion soutient notre mission de promouvoir le jeu [&hellip;]<\/p>\n","protected":false},"author":2,"featured_media":0,"parent":0,"menu_order":0,"comment_status":"closed","ping_status":"closed","template":"","meta":{"advanced_seo_description":"","jetpack_seo_html_title":"Formulaire d'adh\u00e9sion la nef des meeples","jetpack_seo_noindex":false,"_price":"","_stock":"","_tribe_ticket_header":"","_tribe_default_ticket_provider":"","_tribe_ticket_capacity":"0","_ticket_start_date":"","_ticket_end_date":"","_tribe_ticket_show_description":"","_tribe_ticket_show_not_going":false,"_tribe_ticket_use_global_stock":"","_tribe_ticket_global_stock_level":"","_global_stock_mode":"","_global_stock_cap":"","_tribe_rsvp_for_event":"","_tribe_ticket_going_count":"","_tribe_ticket_not_going_count":"","_tribe_tickets_list":"[]","_tribe_ticket_has_attendee_info_fields":false,"_EventAllDay":false,"_EventTimezone":"","_EventStartDate":"","_EventEndDate":"","_EventStartDateUTC":"","_EventEndDateUTC":"","_EventShowMap":false,"_EventShowMapLink":false,"_EventURL":"","_EventCost":"","_EventCostDescription":"","_EventCurrencySymbol":"","_EventCurrencyCode":"","_EventCurrencyPosition":"","_EventDateTimeSeparator":"","_EventTimeRangeSeparator":"","_EventOrganizerID":[],"_EventVenueID":[],"_OrganizerEmail":"","_OrganizerPhone":"","_OrganizerWebsite":"","_VenueAddress":"","_VenueCity":"","_VenueCountry":"","_VenueProvince":"","_VenueState":"","_VenueZip":"","_VenuePhone":"","_VenueURL":"","_VenueStateProvince":"","_VenueLat":"","_VenueLng":"","_VenueShowMap":false,"_VenueShowMapLink":false,"footnotes":"","_tec_slr_enabled":"","_tec_slr_layout":""},"class_list":["post-439","page","type-page","status-publish","hentry"],"jetpack_sharing_enabled":true,"ticketed":false,"_links":{"self":[{"href":"https:\/\/nefdesmeeples.fr\/index.php\/wp-json\/wp\/v2\/pages\/439","targetHints":{"allow":["GET"]}}],"collection":[{"href":"https:\/\/nefdesmeeples.fr\/index.php\/wp-json\/wp\/v2\/pages"}],"about":[{"href":"https:\/\/nefdesmeeples.fr\/index.php\/wp-json\/wp\/v2\/types\/page"}],"author":[{"embeddable":true,"href":"https:\/\/nefdesmeeples.fr\/index.php\/wp-json\/wp\/v2\/users\/2"}],"replies":[{"embeddable":true,"href":"https:\/\/nefdesmeeples.fr\/index.php\/wp-json\/wp\/v2\/comments?post=439"}],"version-history":[{"count":12,"href":"https:\/\/nefdesmeeples.fr\/index.php\/wp-json\/wp\/v2\/pages\/439\/revisions"}],"predecessor-version":[{"id":672,"href":"https:\/\/nefdesmeeples.fr\/index.php\/wp-json\/wp\/v2\/pages\/439\/revisions\/672"}],"wp:attachment":[{"href":"https:\/\/nefdesmeeples.fr\/index.php\/wp-json\/wp\/v2\/media?parent=439"}],"curies":[{"name":"wp","href":"https:\/\/api.w.org\/{rel}","templated":true}]}}