{"id":591,"date":"2026-01-14T00:02:51","date_gmt":"2026-01-13T23:02:51","guid":{"rendered":"https:\/\/nefdesmeeples.fr\/?page_id=591"},"modified":"2026-01-14T01:10:12","modified_gmt":"2026-01-14T00:10:12","slug":"charte-daccueil-inclusive-de-la-nef-des-meeples","status":"publish","type":"page","link":"https:\/\/nefdesmeeples.fr\/index.php\/charte-daccueil-inclusive-de-la-nef-des-meeples\/","title":{"rendered":"Charte d\u2019Accueil Inclusive de La Nef des Meeples"},"content":{"rendered":"\n<p class=\"has-text-align-center\"><strong>Pr\u00e9ambule :<\/strong><br>La Nef des Meeples s\u2019engage \u00e0 faire de chaque \u00e9v\u00e9nement un espace accueillant, bienveillant et accessible \u00e0 toutes et \u00e0 tous, quels que soient leurs besoins sp\u00e9cifiques. Nous affirmons notre volont\u00e9 de promouvoir l\u2019inclusivit\u00e9 et l\u2019\u00e9galit\u00e9 d\u2019acc\u00e8s au plaisir des jeux de soci\u00e9t\u00e9, en int\u00e9grant les principes d\u2019accessibilit\u00e9 universelle et de respect mutuel.<\/p>\n\n\n\n<hr class=\"wp-block-separator has-alpha-channel-opacity\"\/>\n\n\n\n<h3 class=\"wp-block-heading\"><a><strong>Nos Engagements<\/strong><\/a><\/h3>\n\n\n<div class=\"wp-block-image\">\n<figure class=\"alignright size-large is-resized\"><img data-recalc-dims=\"1\" loading=\"lazy\" decoding=\"async\" width=\"640\" height=\"960\" src=\"https:\/\/i0.wp.com\/nefdesmeeples.fr\/wp-content\/uploads\/2026\/01\/6cf19fda-fa79-4a0d-af69-fb60c23c4f8b-md.jpeg?resize=640%2C960&#038;ssl=1\" alt=\"\" class=\"wp-image-595\" style=\"aspect-ratio:0.6669982709206755;width:352px;height:auto\" srcset=\"https:\/\/i0.wp.com\/nefdesmeeples.fr\/wp-content\/uploads\/2026\/01\/6cf19fda-fa79-4a0d-af69-fb60c23c4f8b-md.jpeg?resize=683%2C1024&amp;ssl=1 683w, https:\/\/i0.wp.com\/nefdesmeeples.fr\/wp-content\/uploads\/2026\/01\/6cf19fda-fa79-4a0d-af69-fb60c23c4f8b-md.jpeg?resize=200%2C300&amp;ssl=1 200w, https:\/\/i0.wp.com\/nefdesmeeples.fr\/wp-content\/uploads\/2026\/01\/6cf19fda-fa79-4a0d-af69-fb60c23c4f8b-md.jpeg?resize=768%2C1152&amp;ssl=1 768w, https:\/\/i0.wp.com\/nefdesmeeples.fr\/wp-content\/uploads\/2026\/01\/6cf19fda-fa79-4a0d-af69-fb60c23c4f8b-md.jpeg?w=800&amp;ssl=1 800w\" sizes=\"auto, (max-width: 640px) 100vw, 640px\" \/><\/figure>\n<\/div>\n\n\n<h4 class=\"wp-block-heading\"><strong>1. Accessibilit\u00e9 des lieux<\/strong><\/h4>\n\n\n\n<ul class=\"wp-block-list\">\n<li>Organiser nos \u00e9v\u00e9nements dans des espaces accessibles aux personnes \u00e0 mobilit\u00e9 r\u00e9duite (PMR) : absence de marches, rampes d\u2019acc\u00e8s, tables ajustables.<\/li>\n\n\n\n<li>Pr\u00e9voir des signal\u00e9tiques claires et adapt\u00e9es, incluant des pictogrammes facilement compr\u00e9hensibles.<\/li>\n\n\n\n<li>Mettre \u00e0 disposition des espaces calmes pour permettre \u00e0 chacun de se ressourcer en cas de besoin.<\/li>\n<\/ul>\n\n\n\n<h4 class=\"wp-block-heading\"><strong>2. Accueil personnalis\u00e9<\/strong><\/h4>\n\n\n\n<ul class=\"wp-block-list\">\n<li>Assurer un accueil chaleureux et bienveillant \u00e0 chaque participant, en adaptant nos interactions aux besoins sp\u00e9cifiques de chacun.<\/li>\n\n\n\n<li>D\u00e9signer un ou plusieurs r\u00e9f\u00e9rents inclusivit\u00e9 lors des \u00e9v\u00e9nements pour accompagner les participants et r\u00e9pondre \u00e0 leurs questions.<\/li>\n\n\n\n<li>Proposer une aide proactive sans imposer, en posant des questions ouvertes comme : \u00ab Comment pouvons-nous vous aider \u00e0 profiter de cet \u00e9v\u00e9nement ? \u00bb<\/li>\n<\/ul>\n\n\n\n<h4 class=\"wp-block-heading\"><strong>3. Adaptation des jeux<\/strong><\/h4>\n\n\n\n<ul class=\"wp-block-list\">\n<li>S\u00e9lectionner des jeux accessibles \u00e0 un large public, en tenant compte des limitations physiques, sensorielles, mentales ou psychiques.<\/li>\n\n\n\n<li>Mettre \u00e0 disposition des versions adapt\u00e9es des jeux, lorsque possible (ex. : cartes en braille, r\u00e8gles simplifi\u00e9es, pions tactiles).<\/li>\n\n\n\n<li>Favoriser les jeux coop\u00e9ratifs et inclusifs pour encourager la participation collective et r\u00e9duire les situations de stress ou de comp\u00e9tition excessive.<\/li>\n<\/ul>\n\n\n\n<h4 class=\"wp-block-heading\"><strong>4. Formation et sensibilisation<\/strong><\/h4>\n\n\n\n<ul class=\"wp-block-list\">\n<li>Former nos animateurs et b\u00e9n\u00e9voles aux bases de l\u2019accueil des personnes en situation de handicap, notamment sur :\n<ul class=\"wp-block-list\">\n<li>La communication adapt\u00e9e (langage simplifi\u00e9, gestes visuels, patience).<\/li>\n\n\n\n<li>Les attitudes bienveillantes et non discriminantes.<\/li>\n<\/ul>\n<\/li>\n\n\n\n<li>Organiser r\u00e9guli\u00e8rement des ateliers de sensibilisation pour renforcer notre engagement envers l\u2019inclusivit\u00e9.<\/li>\n<\/ul>\n\n\n\n<h4 class=\"wp-block-heading\"><strong>5. Communication accessible<\/strong><\/h4>\n\n\n\n<ul class=\"wp-block-list\">\n<li>Diffuser les informations relatives aux \u00e9v\u00e9nements (horaires, lieux, programmes) dans des formats vari\u00e9s : texte clair, audio, visuel avec contrastes adapt\u00e9s.<\/li>\n\n\n\n<li>Assurer la compatibilit\u00e9 de notre site internet avec les normes d\u2019accessibilit\u00e9 num\u00e9rique (RGAA).<\/li>\n\n\n\n<li>Indiquer clairement les am\u00e9nagements disponibles pour les personnes en situation de handicap (rampes, sanitaires adapt\u00e9s, etc.).<\/li>\n<\/ul>\n\n\n\n<h4 class=\"wp-block-heading\"><strong>6. \u00c9valuation et am\u00e9lioration continue<\/strong><\/h4>\n\n\n\n<ul class=\"wp-block-list\">\n<li>Recueillir les retours des participants via des enqu\u00eates de satisfaction, avec une section d\u00e9di\u00e9e \u00e0 l\u2019accessibilit\u00e9.<\/li>\n\n\n\n<li>\u00c9valuer r\u00e9guli\u00e8rement les lieux et \u00e9quipements pour identifier les am\u00e9liorations possibles.<\/li>\n\n\n\n<li>Collaborer avec des associations ou experts en accessibilit\u00e9 pour perfectionner nos pratiques.<\/li>\n<\/ul>\n\n\n\n<hr class=\"wp-block-separator has-alpha-channel-opacity\"\/>\n\n\n<div class=\"wp-block-image\">\n<figure class=\"alignright size-large is-resized\"><img data-recalc-dims=\"1\" loading=\"lazy\" decoding=\"async\" width=\"640\" height=\"960\" src=\"https:\/\/i0.wp.com\/nefdesmeeples.fr\/wp-content\/uploads\/2026\/01\/ChatGPT-Image-14-janv.-2026-00_40_40.jpg?resize=640%2C960&#038;ssl=1\" alt=\"\" class=\"wp-image-596\" style=\"aspect-ratio:0.6670094963831464;width:363px;height:auto\" srcset=\"https:\/\/i0.wp.com\/nefdesmeeples.fr\/wp-content\/uploads\/2026\/01\/ChatGPT-Image-14-janv.-2026-00_40_40.jpg?resize=683%2C1024&amp;ssl=1 683w, https:\/\/i0.wp.com\/nefdesmeeples.fr\/wp-content\/uploads\/2026\/01\/ChatGPT-Image-14-janv.-2026-00_40_40.jpg?resize=200%2C300&amp;ssl=1 200w, https:\/\/i0.wp.com\/nefdesmeeples.fr\/wp-content\/uploads\/2026\/01\/ChatGPT-Image-14-janv.-2026-00_40_40.jpg?resize=768%2C1152&amp;ssl=1 768w, https:\/\/i0.wp.com\/nefdesmeeples.fr\/wp-content\/uploads\/2026\/01\/ChatGPT-Image-14-janv.-2026-00_40_40.jpg?w=800&amp;ssl=1 800w\" sizes=\"auto, (max-width: 640px) 100vw, 640px\" \/><\/figure>\n<\/div>\n\n\n<h3 class=\"wp-block-heading has-text-align-center\"><a><strong>Nos Valeurs<\/strong><\/a><\/h3>\n\n\n\n<ul class=\"wp-block-list\">\n<li><strong>Respect :<\/strong> Reconna\u00eetre et valoriser la diversit\u00e9 des participants, en leur offrant un environnement accueillant et exempt de toute forme de discrimination.<\/li>\n\n\n\n<li><strong>\u00c9galit\u00e9 :<\/strong> Permettre \u00e0 chacun de participer pleinement et sereinement aux \u00e9v\u00e9nements.<\/li>\n\n\n\n<li><strong>Plaisir partag\u00e9 :<\/strong> Cr\u00e9er des moments de convivialit\u00e9 o\u00f9 tous les joueurs, quelle que soit leur situation, peuvent s\u2019amuser et partager leur passion.<\/li>\n<\/ul>\n\n\n\n<hr class=\"wp-block-separator has-alpha-channel-opacity\"\/>\n\n\n\n<h3 class=\"wp-block-heading has-text-align-center\"><a><strong>Engagement des participants<\/strong><\/a><\/h3>\n\n\n\n<p>Nous invitons tous les participants \u00e0 adopter une attitude respectueuse et solidaire envers les autres joueurs et \u00e0 signaler toute situation n\u00e9cessitant une intervention pour garantir un accueil inclusif.<\/p>\n\n\n\n<hr class=\"wp-block-separator has-alpha-channel-opacity\"\/>\n\n\n\n<h3 class=\"wp-block-heading has-text-align-center\"><a><strong>Affichage et partage<\/strong><\/a><\/h3>\n\n\n\n<p>Cette charte est affich\u00e9e lors de chaque \u00e9v\u00e9nement de La Nef des Meeples et disponible sur notre site internet. Elle refl\u00e8te notre volont\u00e9 de faire des jeux de soci\u00e9t\u00e9 un outil de rassemblement et d\u2019\u00e9change pour tous.<\/p>\n\n\n\n<p><\/p>\n\n\n\n<p><\/p>\n\n\n\n<p><\/p>\n\n\n\n<h1 class=\"wp-block-heading has-text-align-center\"><strong>La Nef des Meeples, <\/strong><br><strong>un espace o\u00f9 <\/strong><br><strong>chaque joueur a sa place.<\/strong><\/h1>\n","protected":false},"excerpt":{"rendered":"<p>Pr\u00e9ambule :La Nef des Meeples s\u2019engage \u00e0 faire de chaque \u00e9v\u00e9nement un espace accueillant, bienveillant et accessible \u00e0 toutes et \u00e0 tous, quels que soient leurs besoins sp\u00e9cifiques. Nous affirmons [&hellip;]<\/p>\n","protected":false},"author":2,"featured_media":0,"parent":0,"menu_order":0,"comment_status":"closed","ping_status":"closed","template":"","meta":{"advanced_seo_description":"","jetpack_seo_html_title":"","jetpack_seo_noindex":false,"_price":"","_stock":"","_tribe_ticket_header":"","_tribe_default_ticket_provider":"","_tribe_ticket_capacity":"0","_ticket_start_date":"","_ticket_end_date":"","_tribe_ticket_show_description":"","_tribe_ticket_show_not_going":false,"_tribe_ticket_use_global_stock":"","_tribe_ticket_global_stock_level":"","_global_stock_mode":"","_global_stock_cap":"","_tribe_rsvp_for_event":"","_tribe_ticket_going_count":"","_tribe_ticket_not_going_count":"","_tribe_tickets_list":"[]","_tribe_ticket_has_attendee_info_fields":false,"_EventAllDay":false,"_EventTimezone":"","_EventStartDate":"","_EventEndDate":"","_EventStartDateUTC":"","_EventEndDateUTC":"","_EventShowMap":false,"_EventShowMapLink":false,"_EventURL":"","_EventCost":"","_EventCostDescription":"","_EventCurrencySymbol":"","_EventCurrencyCode":"","_EventCurrencyPosition":"","_EventDateTimeSeparator":"","_EventTimeRangeSeparator":"","_EventOrganizerID":[],"_EventVenueID":[],"_OrganizerEmail":"","_OrganizerPhone":"","_OrganizerWebsite":"","_VenueAddress":"","_VenueCity":"","_VenueCountry":"","_VenueProvince":"","_VenueState":"","_VenueZip":"","_VenuePhone":"","_VenueURL":"","_VenueStateProvince":"","_VenueLat":"","_VenueLng":"","_VenueShowMap":false,"_VenueShowMapLink":false,"footnotes":"","_tec_slr_enabled":"","_tec_slr_layout":""},"class_list":["post-591","page","type-page","status-publish","hentry"],"jetpack_sharing_enabled":true,"ticketed":false,"_links":{"self":[{"href":"https:\/\/nefdesmeeples.fr\/index.php\/wp-json\/wp\/v2\/pages\/591","targetHints":{"allow":["GET"]}}],"collection":[{"href":"https:\/\/nefdesmeeples.fr\/index.php\/wp-json\/wp\/v2\/pages"}],"about":[{"href":"https:\/\/nefdesmeeples.fr\/index.php\/wp-json\/wp\/v2\/types\/page"}],"author":[{"embeddable":true,"href":"https:\/\/nefdesmeeples.fr\/index.php\/wp-json\/wp\/v2\/users\/2"}],"replies":[{"embeddable":true,"href":"https:\/\/nefdesmeeples.fr\/index.php\/wp-json\/wp\/v2\/comments?post=591"}],"version-history":[{"count":4,"href":"https:\/\/nefdesmeeples.fr\/index.php\/wp-json\/wp\/v2\/pages\/591\/revisions"}],"predecessor-version":[{"id":599,"href":"https:\/\/nefdesmeeples.fr\/index.php\/wp-json\/wp\/v2\/pages\/591\/revisions\/599"}],"wp:attachment":[{"href":"https:\/\/nefdesmeeples.fr\/index.php\/wp-json\/wp\/v2\/media?parent=591"}],"curies":[{"name":"wp","href":"https:\/\/api.w.org\/{rel}","templated":true}]}}