{"id":611,"date":"2026-01-14T01:36:24","date_gmt":"2026-01-14T00:36:24","guid":{"rendered":"https:\/\/nefdesmeeples.fr\/?page_id=611"},"modified":"2026-02-01T10:49:05","modified_gmt":"2026-02-01T09:49:05","slug":"nos-valeurs","status":"publish","type":"page","link":"https:\/\/nefdesmeeples.fr\/index.php\/nos-valeurs\/","title":{"rendered":"Nos R\u00e8gles"},"content":{"rendered":"<div class=\"wp-block-image\">\n<figure class=\"alignright size-large is-resized\"><img data-recalc-dims=\"1\" loading=\"lazy\" decoding=\"async\" width=\"640\" height=\"960\" src=\"https:\/\/i0.wp.com\/nefdesmeeples.fr\/wp-content\/uploads\/2026\/01\/image_2026-01-14_020326094.png?resize=640%2C960&#038;ssl=1\" alt=\"\" class=\"wp-image-633\" style=\"width:454px;height:auto\" srcset=\"https:\/\/i0.wp.com\/nefdesmeeples.fr\/wp-content\/uploads\/2026\/01\/image_2026-01-14_020326094.png?resize=683%2C1024&amp;ssl=1 683w, https:\/\/i0.wp.com\/nefdesmeeples.fr\/wp-content\/uploads\/2026\/01\/image_2026-01-14_020326094.png?resize=200%2C300&amp;ssl=1 200w, https:\/\/i0.wp.com\/nefdesmeeples.fr\/wp-content\/uploads\/2026\/01\/image_2026-01-14_020326094.png?resize=768%2C1152&amp;ssl=1 768w, https:\/\/i0.wp.com\/nefdesmeeples.fr\/wp-content\/uploads\/2026\/01\/image_2026-01-14_020326094.png?w=800&amp;ssl=1 800w\" sizes=\"auto, (max-width: 640px) 100vw, 640px\" \/><\/figure>\n<\/div>\n\n\n<p><a href=\"https:\/\/nefdesmeeples.fr\/index.php\/le-code-de-la-nef-des-meeples\/\" target=\"_blank\" rel=\"noreferrer noopener\"><strong>Le CODE<\/strong><\/a><br>Ce document sert \u00e0 poser un cadre commun pour garantir des parties respectueuses, inclusives et conviviales.<br>Il rappelle que le plaisir de jouer ensemble est plus important que la victoire.<\/p>\n\n\n\n<p><a href=\"https:\/\/nefdesmeeples.fr\/index.php\/charte-daccueil-inclusive-de-la-nef-des-meeples\/\"><strong>Charte d\u2019Accueil Inclusive<\/strong><\/a><br>La Charte d\u2019Accueil Inclusive d\u00e9finit les principes pour que chacun se sente respect\u00e9, en s\u00e9curit\u00e9 et l\u00e9gitime \u00e0 jouer.<br>Elle garantit un espace bienveillant o\u00f9 la diversit\u00e9 des joueurs est une richesse et le plaisir partag\u00e9 une priorit\u00e9.<\/p>\n\n\n\n<p><a href=\"https:\/\/nefdesmeeples.fr\/wp-content\/uploads\/2026\/01\/2016-04-01-Charte-du-respect-des-valeurs-de-la-Republique.pdf\" target=\"_blank\" rel=\"noreferrer noopener\"><strong>Charte du respect des valeurs de la R\u00e9publique<\/strong><\/a><\/p>\n\n\n\n<p>La Charte du respect des valeurs de la R\u00e9publique rappelle les principes de libert\u00e9, d\u2019\u00e9galit\u00e9, de fraternit\u00e9 et de la\u00efcit\u00e9.<br>Elle garantit un cadre commun fond\u00e9 sur le respect, la dignit\u00e9 de chacun et le vivre-ensemble.<\/p>\n\n\n\n<p><a href=\"https:\/\/nefdesmeeples.fr\/wp-content\/uploads\/2026\/01\/Reglement-interieur-de-la-nef-des-meeples.pdf\" target=\"_blank\" rel=\"noreferrer noopener\"><strong>R\u00e8glement int\u00e9rieur de l&rsquo;association<\/strong><\/a><\/p>\n\n\n\n<p>Le r\u00e8glement int\u00e9rieur pr\u00e9cise les r\u00e8gles de fonctionnement et de vie de l\u2019association.<br>Il permet \u00e0 chacun de conna\u00eetre ses droits, ses devoirs et le cadre commun de participation.<\/p>\n\n\n\n<p><a href=\"https:\/\/nefdesmeeples.fr\/wp-content\/uploads\/2026\/01\/Statuts-2024_.pdf\" target=\"_blank\" rel=\"noreferrer noopener\"><strong>Statuts de l&rsquo;association<\/strong><\/a><\/p>\n\n\n\n<p>Les statuts d\u00e9finissent l\u2019identit\u00e9, l\u2019objet, l\u2019organisation et le fonctionnement juridique de l\u2019association.<br>Ils constituent le cadre l\u00e9gal qui fonde son existence et guide ses actions.<\/p>\n\n\n\n<p><\/p>\n","protected":false},"excerpt":{"rendered":"<p>Le CODECe document sert \u00e0 poser un cadre commun pour garantir des parties respectueuses, inclusives et conviviales.Il rappelle que le plaisir de jouer ensemble est plus important que la victoire. [&hellip;]<\/p>\n","protected":false},"author":2,"featured_media":0,"parent":0,"menu_order":0,"comment_status":"closed","ping_status":"closed","template":"","meta":{"advanced_seo_description":"","jetpack_seo_html_title":"","jetpack_seo_noindex":false,"_price":"","_stock":"","_tribe_ticket_header":"","_tribe_default_ticket_provider":"","_tribe_ticket_capacity":"0","_ticket_start_date":"","_ticket_end_date":"","_tribe_ticket_show_description":"","_tribe_ticket_show_not_going":false,"_tribe_ticket_use_global_stock":"","_tribe_ticket_global_stock_level":"","_global_stock_mode":"","_global_stock_cap":"","_tribe_rsvp_for_event":"","_tribe_ticket_going_count":"","_tribe_ticket_not_going_count":"","_tribe_tickets_list":"[]","_tribe_ticket_has_attendee_info_fields":false,"_EventAllDay":false,"_EventTimezone":"","_EventStartDate":"","_EventEndDate":"","_EventStartDateUTC":"","_EventEndDateUTC":"","_EventShowMap":false,"_EventShowMapLink":false,"_EventURL":"","_EventCost":"","_EventCostDescription":"","_EventCurrencySymbol":"","_EventCurrencyCode":"","_EventCurrencyPosition":"","_EventDateTimeSeparator":"","_EventTimeRangeSeparator":"","_EventOrganizerID":[],"_EventVenueID":[],"_OrganizerEmail":"","_OrganizerPhone":"","_OrganizerWebsite":"","_VenueAddress":"","_VenueCity":"","_VenueCountry":"","_VenueProvince":"","_VenueState":"","_VenueZip":"","_VenuePhone":"","_VenueURL":"","_VenueStateProvince":"","_VenueLat":"","_VenueLng":"","_VenueShowMap":false,"_VenueShowMapLink":false,"footnotes":"","_tec_slr_enabled":"","_tec_slr_layout":""},"class_list":["post-611","page","type-page","status-publish","hentry"],"jetpack_sharing_enabled":true,"ticketed":false,"_links":{"self":[{"href":"https:\/\/nefdesmeeples.fr\/index.php\/wp-json\/wp\/v2\/pages\/611","targetHints":{"allow":["GET"]}}],"collection":[{"href":"https:\/\/nefdesmeeples.fr\/index.php\/wp-json\/wp\/v2\/pages"}],"about":[{"href":"https:\/\/nefdesmeeples.fr\/index.php\/wp-json\/wp\/v2\/types\/page"}],"author":[{"embeddable":true,"href":"https:\/\/nefdesmeeples.fr\/index.php\/wp-json\/wp\/v2\/users\/2"}],"replies":[{"embeddable":true,"href":"https:\/\/nefdesmeeples.fr\/index.php\/wp-json\/wp\/v2\/comments?post=611"}],"version-history":[{"count":8,"href":"https:\/\/nefdesmeeples.fr\/index.php\/wp-json\/wp\/v2\/pages\/611\/revisions"}],"predecessor-version":[{"id":735,"href":"https:\/\/nefdesmeeples.fr\/index.php\/wp-json\/wp\/v2\/pages\/611\/revisions\/735"}],"wp:attachment":[{"href":"https:\/\/nefdesmeeples.fr\/index.php\/wp-json\/wp\/v2\/media?parent=611"}],"curies":[{"name":"wp","href":"https:\/\/api.w.org\/{rel}","templated":true}]}}