{"id":89,"date":"2024-10-31T10:58:47","date_gmt":"2024-10-31T09:58:47","guid":{"rendered":"https:\/\/nefdesmeeples.fr\/?page_id=89"},"modified":"2026-01-04T19:51:20","modified_gmt":"2026-01-04T18:51:20","slug":"manifestations-organisees","status":"publish","type":"page","link":"https:\/\/nefdesmeeples.fr\/index.php\/manifestations-organisees\/","title":{"rendered":"Manifestations Organis\u00e9es"},"content":{"rendered":"\n<h2 class=\"wp-block-heading\">Pr\u00e9parez-vous \u00e0 l&rsquo;Aventure Ludique!<\/h2>\n\n\n\n<div class=\"wp-block-buttons is-content-justification-center is-layout-flex wp-container-core-buttons-is-layout-16018d1d wp-block-buttons-is-layout-flex\">\n<div class=\"wp-block-button\"><a class=\"wp-block-button__link wp-element-button\" href=\"https:\/\/nefdesmeeples.fr\/index.php\/evenements\/\">L&rsquo;agenda des manifestations<\/a><\/div>\n<\/div>\n\n\n\n<p><\/p>\n\n\n<div class=\"wp-block-image\">\n<figure class=\"alignright size-large is-resized\"><img data-recalc-dims=\"1\" loading=\"lazy\" decoding=\"async\" width=\"640\" height=\"366\" src=\"https:\/\/i0.wp.com\/nefdesmeeples.fr\/wp-content\/uploads\/2024\/10\/DALL%C2%B7E-2024-10-31-10.18.13-A-full-page-design-of-a-playful-pirate-themed-logo-for-Meeples-a-lAbordage-featuring-a-detailed-stylized-pirate-ship-with-colorful-meeple-figures.webp?resize=640%2C366&#038;ssl=1\" alt=\"\" class=\"wp-image-107\" style=\"width:459px;height:auto\" srcset=\"https:\/\/i0.wp.com\/nefdesmeeples.fr\/wp-content\/uploads\/2024\/10\/DALL%C2%B7E-2024-10-31-10.18.13-A-full-page-design-of-a-playful-pirate-themed-logo-for-Meeples-a-lAbordage-featuring-a-detailed-stylized-pirate-ship-with-colorful-meeple-figures.webp?resize=1024%2C585&amp;ssl=1 1024w, https:\/\/i0.wp.com\/nefdesmeeples.fr\/wp-content\/uploads\/2024\/10\/DALL%C2%B7E-2024-10-31-10.18.13-A-full-page-design-of-a-playful-pirate-themed-logo-for-Meeples-a-lAbordage-featuring-a-detailed-stylized-pirate-ship-with-colorful-meeple-figures.webp?resize=300%2C171&amp;ssl=1 300w, https:\/\/i0.wp.com\/nefdesmeeples.fr\/wp-content\/uploads\/2024\/10\/DALL%C2%B7E-2024-10-31-10.18.13-A-full-page-design-of-a-playful-pirate-themed-logo-for-Meeples-a-lAbordage-featuring-a-detailed-stylized-pirate-ship-with-colorful-meeple-figures.webp?resize=768%2C439&amp;ssl=1 768w, https:\/\/i0.wp.com\/nefdesmeeples.fr\/wp-content\/uploads\/2024\/10\/DALL%C2%B7E-2024-10-31-10.18.13-A-full-page-design-of-a-playful-pirate-themed-logo-for-Meeples-a-lAbordage-featuring-a-detailed-stylized-pirate-ship-with-colorful-meeple-figures.webp?resize=1536%2C878&amp;ssl=1 1536w, https:\/\/i0.wp.com\/nefdesmeeples.fr\/wp-content\/uploads\/2024\/10\/DALL%C2%B7E-2024-10-31-10.18.13-A-full-page-design-of-a-playful-pirate-themed-logo-for-Meeples-a-lAbordage-featuring-a-detailed-stylized-pirate-ship-with-colorful-meeple-figures.webp?w=1792&amp;ssl=1 1792w, https:\/\/i0.wp.com\/nefdesmeeples.fr\/wp-content\/uploads\/2024\/10\/DALL%C2%B7E-2024-10-31-10.18.13-A-full-page-design-of-a-playful-pirate-themed-logo-for-Meeples-a-lAbordage-featuring-a-detailed-stylized-pirate-ship-with-colorful-meeple-figures.webp?w=1280&amp;ssl=1 1280w\" sizes=\"auto, (max-width: 640px) 100vw, 640px\" \/><\/figure>\n<\/div>\n\n\n<p>Bienvenue \u00e0 bord de <em>La Nef des Meeples<\/em>, o\u00f9 le jeu de soci\u00e9t\u00e9 rencontre l&rsquo;aventure maritime pour cr\u00e9er des \u00e9v\u00e9nements uniques en plein air \u00e0 Nice et ses alentours ! Notre \u00e9quipage vous invite \u00e0 larguer les amarres et \u00e0 nous rejoindre pour des moments de partage, de d\u00e9couvertes et de rires. Que vous soyez un vieux loup de mer du plateau ou un pirate en herbe, il y a toujours une place pour vous dans notre qu\u00eate ludique !<\/p>\n\n\n\n<hr class=\"wp-block-separator has-alpha-channel-opacity\"\/>\n\n\n\n<h4 class=\"wp-block-heading\"><strong>Nos Manifestations : Choisissez Votre Cap !<\/strong><\/h4>\n\n\n\n<p><em>La Nef des Meeples<\/em> organise plusieurs types de rassemblements o\u00f9 jeux, convivialit\u00e9 et bonne humeur sont de rigueur. Chacun de nos \u00e9v\u00e9nements vous plonge dans une ambiance ludique et unique, alors pr\u00e9parez-vous \u00e0 hisser les voiles et d\u00e9couvrir notre carte aux tr\u00e9sors des \u00e9v\u00e9nements !<\/p>\n\n\n\n<h3 class=\"wp-block-heading\"><strong>1. L\u2019\u00eele aux Meeples<\/strong><\/h3>\n\n\n\n<div class=\"wp-block-group\"><div class=\"wp-block-group__inner-container is-layout-constrained wp-block-group-is-layout-constrained\"><div class=\"wp-block-image\">\n<figure class=\"alignleft size-full is-resized\"><img data-recalc-dims=\"1\" loading=\"lazy\" decoding=\"async\" width=\"640\" height=\"640\" src=\"https:\/\/i0.wp.com\/nefdesmeeples.fr\/wp-content\/uploads\/2024\/10\/DALL%C2%B7E-2024-10-31-09.43.09-A-playful-and-inviting-logo-for-LIle-aux-Meeples-event.-The-design-features-a-small-island-with-palm-trees-and-a-sandy-shore-surrounded-by-gentle-.webp?resize=640%2C640&#038;ssl=1\" alt=\"\" class=\"wp-image-92\" style=\"width:193px;height:auto\" srcset=\"https:\/\/i0.wp.com\/nefdesmeeples.fr\/wp-content\/uploads\/2024\/10\/DALL%C2%B7E-2024-10-31-09.43.09-A-playful-and-inviting-logo-for-LIle-aux-Meeples-event.-The-design-features-a-small-island-with-palm-trees-and-a-sandy-shore-surrounded-by-gentle-.webp?w=1024&amp;ssl=1 1024w, https:\/\/i0.wp.com\/nefdesmeeples.fr\/wp-content\/uploads\/2024\/10\/DALL%C2%B7E-2024-10-31-09.43.09-A-playful-and-inviting-logo-for-LIle-aux-Meeples-event.-The-design-features-a-small-island-with-palm-trees-and-a-sandy-shore-surrounded-by-gentle-.webp?resize=300%2C300&amp;ssl=1 300w, https:\/\/i0.wp.com\/nefdesmeeples.fr\/wp-content\/uploads\/2024\/10\/DALL%C2%B7E-2024-10-31-09.43.09-A-playful-and-inviting-logo-for-LIle-aux-Meeples-event.-The-design-features-a-small-island-with-palm-trees-and-a-sandy-shore-surrounded-by-gentle-.webp?resize=150%2C150&amp;ssl=1 150w, https:\/\/i0.wp.com\/nefdesmeeples.fr\/wp-content\/uploads\/2024\/10\/DALL%C2%B7E-2024-10-31-09.43.09-A-playful-and-inviting-logo-for-LIle-aux-Meeples-event.-The-design-features-a-small-island-with-palm-trees-and-a-sandy-shore-surrounded-by-gentle-.webp?resize=768%2C768&amp;ssl=1 768w\" sizes=\"auto, (max-width: 640px) 100vw, 640px\" \/><\/figure>\n<\/div>\n\n\n<div class=\"wp-block-group\"><div class=\"wp-block-group__inner-container is-layout-constrained wp-block-group-is-layout-constrained\">\n<p>Nos petites escales, pour moins de 40 aventuriers, id\u00e9ales pour une exploration plus tranquille. Imaginez une \u00eele myst\u00e9rieuse o\u00f9 seuls les plus curieux et aventureux osent s\u2019aventurer. Ici, le mot d\u2019ordre est l\u2019amusement et la d\u00e9couverte de jeux in\u00e9dits. Les initi\u00e9s, comme les novices, peuvent profiter de l\u2019ambiance relaxante et des conseils d\u2019animation pour apprendre les bases des jeux choisis. <strong>L&rsquo;\u00cele aux Meeples<\/strong>, un \u00e9v\u00e9nement exclusif r\u00e9serv\u00e9 aux joueurs inscrits, con\u00e7u pour offrir une exp\u00e9rience ludique sur mesure ! Avec une capacit\u00e9 limit\u00e9e \u00e0 40 personnes, cet espace privil\u00e9gi\u00e9 est id\u00e9al pour ceux qui recherchent des moments de partage et de convivialit\u00e9 autour de jeux soigneusement s\u00e9lectionn\u00e9s.<\/p>\n\n\n\n<p>Pour participer, chaque joueur r\u00e9serve sa table de jeu \u00e0 l\u2019avance pour un cr\u00e9neau d\u2019une heure, garantissant ainsi un cadre organis\u00e9 et propice \u00e0 des parties ininterrompues. Que vous soyez en famille, un joueur initi\u00e9 ou un expert, vous trouverez des jeux qui correspondent \u00e0 vos attentes : des jeux immersifs, strat\u00e9giques et conviviaux qui vous plongeront dans des parties captivantes. L\u2019\u00cele aux Meeples met l\u2019accent sur des exp\u00e9riences de jeu prolong\u00e9es, avec une s\u00e9lection r\u00e9duite de jeux courts pour privil\u00e9gier la profondeur de l\u2019exp\u00e9rience.<\/p>\n\n\n\n<p>Rejoignez-nous pour une parenth\u00e8se ludique unique et plongez dans un cadre o\u00f9 le plaisir du jeu est \u00e0 l&rsquo;honneur, entre passionn\u00e9s ou avec ceux que vous aimez !<\/p>\n<\/div><\/div>\n<\/div><\/div>\n\n\n\n<p><\/p>\n\n\n\n<h3 class=\"wp-block-heading\"><strong>2. Meeples \u00e0 l&rsquo;Abordage!<\/strong><\/h3>\n\n\n<div class=\"wp-block-image\">\n<figure class=\"alignleft size-full is-resized\"><img data-recalc-dims=\"1\" loading=\"lazy\" decoding=\"async\" width=\"640\" height=\"640\" src=\"https:\/\/i0.wp.com\/nefdesmeeples.fr\/wp-content\/uploads\/2024\/10\/DALL%C2%B7E-2024-10-31-10.19.07-A-fun-and-whimsical-logo-for-Meeples-a-lAbordage-with-a-lively-pirate-theme.-The-design-includes-a-playful-pirate-ship-filled-with-colorful-meeple.webp?resize=640%2C640&#038;ssl=1\" alt=\"\" class=\"wp-image-99\" style=\"width:203px;height:auto\" srcset=\"https:\/\/i0.wp.com\/nefdesmeeples.fr\/wp-content\/uploads\/2024\/10\/DALL%C2%B7E-2024-10-31-10.19.07-A-fun-and-whimsical-logo-for-Meeples-a-lAbordage-with-a-lively-pirate-theme.-The-design-includes-a-playful-pirate-ship-filled-with-colorful-meeple.webp?w=1024&amp;ssl=1 1024w, https:\/\/i0.wp.com\/nefdesmeeples.fr\/wp-content\/uploads\/2024\/10\/DALL%C2%B7E-2024-10-31-10.19.07-A-fun-and-whimsical-logo-for-Meeples-a-lAbordage-with-a-lively-pirate-theme.-The-design-includes-a-playful-pirate-ship-filled-with-colorful-meeple.webp?resize=300%2C300&amp;ssl=1 300w, https:\/\/i0.wp.com\/nefdesmeeples.fr\/wp-content\/uploads\/2024\/10\/DALL%C2%B7E-2024-10-31-10.19.07-A-fun-and-whimsical-logo-for-Meeples-a-lAbordage-with-a-lively-pirate-theme.-The-design-includes-a-playful-pirate-ship-filled-with-colorful-meeple.webp?resize=150%2C150&amp;ssl=1 150w, https:\/\/i0.wp.com\/nefdesmeeples.fr\/wp-content\/uploads\/2024\/10\/DALL%C2%B7E-2024-10-31-10.19.07-A-fun-and-whimsical-logo-for-Meeples-a-lAbordage-with-a-lively-pirate-theme.-The-design-includes-a-playful-pirate-ship-filled-with-colorful-meeple.webp?resize=768%2C768&amp;ssl=1 768w\" sizes=\"auto, (max-width: 640px) 100vw, 640px\" \/><\/figure>\n<\/div>\n\n\n<div class=\"wp-block-group\"><div class=\"wp-block-group__inner-container is-layout-constrained wp-block-group-is-layout-constrained\">\n<p>Parfait pour les petits groupes de moins de 80 moussaillons. Ici, l\u2019aventure est conviviale, pleine de d\u00e9couvertes et de petits d\u00e9fis entre amis ou famille. Ces rassemblements intimistes sont l\u2019occasion de d\u00e9couvrir de nouveaux jeux, de partager des astuces de pirates et de passer un moment agr\u00e9able dans une ambiance d\u00e9tendue. <strong>Meeples \u00e0 l&rsquo;Abordage !<\/strong> est un \u00e9v\u00e9nement ludique ouvert \u00e0 tous, id\u00e9al pour ceux qui souhaitent s\u2019initier rapidement aux jeux de soci\u00e9t\u00e9. Cette manifestation en plein air accueille aussi bien les joueurs chevronn\u00e9s que les curieux de passage, avec une s\u00e9lection de jeux accessibles et de formats courts.<\/p>\n\n\n\n<p>Pour r\u00e9pondre aux envies de chacun, une section <strong>\u00cele aux Meeples<\/strong> est int\u00e9gr\u00e9e, offrant un espace avec des tables r\u00e9serv\u00e9es pour des parties plus longues et immersives, ouvertes aux joueurs inscrits. En parall\u00e8le, des places sont \u00e9galement disponibles pour les passants souhaitant s\u2019asseoir et participer spontan\u00e9ment.<\/p>\n\n\n\n<p>Venez nombreux pour partager un moment de convivialit\u00e9 et d\u00e9couvrir l\u2019univers du jeu de soci\u00e9t\u00e9 \u00e0 votre rythme, dans une ambiance chaleureuse et accueillante !<\/p>\n<\/div><\/div>\n\n\n\n<h3 class=\"wp-block-heading\"><strong>3. Temp\u00eate de Meeples<\/strong><\/h3>\n\n\n\n<div class=\"wp-block-group\"><div class=\"wp-block-group__inner-container is-layout-constrained wp-block-group-is-layout-constrained\"><div class=\"wp-block-image\">\n<figure class=\"alignleft size-full is-resized\"><img data-recalc-dims=\"1\" loading=\"lazy\" decoding=\"async\" width=\"640\" height=\"640\" src=\"https:\/\/i0.wp.com\/nefdesmeeples.fr\/wp-content\/uploads\/2024\/10\/DALL%C2%B7E-2024-10-31-09.50.04-A-dynamic-and-adventurous-logo-for-Tempete-de-Meeples-featuring-a-stormy-nautical-theme-with-meeple-figures-caught-in-swirling-waves-and-wind.-The.webp?resize=640%2C640&#038;ssl=1\" alt=\"\" class=\"wp-image-93\" style=\"width:187px;height:auto\" srcset=\"https:\/\/i0.wp.com\/nefdesmeeples.fr\/wp-content\/uploads\/2024\/10\/DALL%C2%B7E-2024-10-31-09.50.04-A-dynamic-and-adventurous-logo-for-Tempete-de-Meeples-featuring-a-stormy-nautical-theme-with-meeple-figures-caught-in-swirling-waves-and-wind.-The.webp?w=1024&amp;ssl=1 1024w, https:\/\/i0.wp.com\/nefdesmeeples.fr\/wp-content\/uploads\/2024\/10\/DALL%C2%B7E-2024-10-31-09.50.04-A-dynamic-and-adventurous-logo-for-Tempete-de-Meeples-featuring-a-stormy-nautical-theme-with-meeple-figures-caught-in-swirling-waves-and-wind.-The.webp?resize=300%2C300&amp;ssl=1 300w, https:\/\/i0.wp.com\/nefdesmeeples.fr\/wp-content\/uploads\/2024\/10\/DALL%C2%B7E-2024-10-31-09.50.04-A-dynamic-and-adventurous-logo-for-Tempete-de-Meeples-featuring-a-stormy-nautical-theme-with-meeple-figures-caught-in-swirling-waves-and-wind.-The.webp?resize=150%2C150&amp;ssl=1 150w, https:\/\/i0.wp.com\/nefdesmeeples.fr\/wp-content\/uploads\/2024\/10\/DALL%C2%B7E-2024-10-31-09.50.04-A-dynamic-and-adventurous-logo-for-Tempete-de-Meeples-featuring-a-stormy-nautical-theme-with-meeple-figures-caught-in-swirling-waves-and-wind.-The.webp?resize=768%2C768&amp;ssl=1 768w\" sizes=\"auto, (max-width: 640px) 100vw, 640px\" \/><\/figure>\n<\/div>\n\n\n<p>Nos grands \u00e9v\u00e9nements, les plus redout\u00e9s par les mers et les terres ! R\u00e9unissant une large communaut\u00e9 de joueurs, ces temp\u00eates sont des occasions parfaites pour plonger dans des tournois et d\u00e9fis collectifs. Venez affronter les plus braves, tester vos talents strat\u00e9giques et peut-\u00eatre repartir avec un tr\u00e9sor&#8230; ou un gage de pirate ! Les Temp\u00eates de Meeples sont id\u00e9ales pour ceux qui recherchent une aventure grandiose en pleine mer ludique.<\/p>\n\n\n\n<p>Pr\u00e9parez-vous \u00e0 embarquer dans <strong>Temp\u00eate de Meeples<\/strong>, notre grand \u00e9v\u00e9nement qui fait vibrer la communaut\u00e9 autour des jeux de soci\u00e9t\u00e9 les plus populaires ! Ce rassemblement est ouvert \u00e0 tous : enfants, familles, amis ou simples curieux de passage. Avec une multitude de tables de jeu, cet \u00e9v\u00e9nement propose une large s\u00e9lection de jeux qui ont marqu\u00e9 la saison, offrant une exp\u00e9rience compl\u00e8te et inclusive.<\/p>\n\n\n\n<p><strong>Temp\u00eate de Meeples<\/strong> se distingue par ses espaces d\u00e9di\u00e9s pour tous les types de joueurs. Profitez de notre <strong>Zone Forum<\/strong>, un lieu de discussion o\u00f9 les participants peuvent \u00e9changer des conseils, partager leurs exp\u00e9riences de jeu et d\u00e9couvrir de nouvelles strat\u00e9gies. C\u2019est l\u2019endroit parfait pour rencontrer d\u2019autres passionn\u00e9s et enrichir vos connaissances ludiques.<\/p>\n\n\n\n<p>Pour les plus comp\u00e9titifs, ne manquez pas le <strong>Tournoi des Corsaires<\/strong> ! Dans cette ar\u00e8ne de d\u00e9fis, les joueurs s\u2019affrontent pour le plaisir de la victoire et l\u2019honneur des meilleurs joueurs. Ouvert \u00e0 tous les niveaux, ce tournoi ajoute une touche d\u2019aventure et d\u2019excitation suppl\u00e9mentaire \u00e0 la journ\u00e9e.<\/p>\n\n\n\n<p>Pour rendre l\u2019exp\u00e9rience encore plus unique, <strong>Temp\u00eate de Meeples<\/strong> peut se d\u00e9ployer sur plusieurs lieux g\u00e9ographiques simultan\u00e9ment ! Gr\u00e2ce \u00e0 notre syst\u00e8me de communication par visiophonie, chaque groupe reste connect\u00e9, \u00e9changeant des conseils, des astuces et partageant l\u2019ambiance festive. C\u2019est une v\u00e9ritable aventure interconnect\u00e9e, permettant aux participants de se sentir unis, peu importe o\u00f9 ils se trouvent.<\/p>\n\n\n\n<p>Alors, que vous soyez \u00e0 la recherche d\u2019un moment convivial ou d\u2019un d\u00e9fi entre amis, rejoignez-nous pour <strong>Temp\u00eate de Meeples<\/strong> et vivez une journ\u00e9e pleine de jeux, de rencontres et de d\u00e9couvertes !<br><\/p>\n<\/div><\/div>\n\n\n\n<hr class=\"wp-block-separator has-alpha-channel-opacity\"\/>\n\n\n\n<h4 class=\"wp-block-heading\"><strong>Activit\u00e9s et Programme : Que Trouverez-vous dans le Coffre aux Jeux ?<\/strong><\/h4>\n\n\n\n<p>Lors de chaque \u00e9v\u00e9nement, plongez dans une s\u00e9rie d&rsquo;activit\u00e9s :<\/p>\n\n\n<div class=\"wp-block-image\">\n<figure class=\"alignleft size-large is-resized\"><img data-recalc-dims=\"1\" loading=\"lazy\" decoding=\"async\" width=\"640\" height=\"366\" src=\"https:\/\/i0.wp.com\/nefdesmeeples.fr\/wp-content\/uploads\/2024\/10\/DALL%C2%B7E-2024-10-29-17.44.23-A-vibrant-photo-of-a-board-game-event-organized-by-La-Nef-des-Meeples-with-the-historic-Casino-de-la-Jetee-Promenade-in-Nice-as-the-backdrop.-The-sc.webp?resize=640%2C366&#038;ssl=1\" alt=\"\" class=\"wp-image-105\" style=\"width:467px;height:auto\" srcset=\"https:\/\/i0.wp.com\/nefdesmeeples.fr\/wp-content\/uploads\/2024\/10\/DALL%C2%B7E-2024-10-29-17.44.23-A-vibrant-photo-of-a-board-game-event-organized-by-La-Nef-des-Meeples-with-the-historic-Casino-de-la-Jetee-Promenade-in-Nice-as-the-backdrop.-The-sc.webp?resize=1024%2C585&amp;ssl=1 1024w, https:\/\/i0.wp.com\/nefdesmeeples.fr\/wp-content\/uploads\/2024\/10\/DALL%C2%B7E-2024-10-29-17.44.23-A-vibrant-photo-of-a-board-game-event-organized-by-La-Nef-des-Meeples-with-the-historic-Casino-de-la-Jetee-Promenade-in-Nice-as-the-backdrop.-The-sc.webp?resize=300%2C171&amp;ssl=1 300w, https:\/\/i0.wp.com\/nefdesmeeples.fr\/wp-content\/uploads\/2024\/10\/DALL%C2%B7E-2024-10-29-17.44.23-A-vibrant-photo-of-a-board-game-event-organized-by-La-Nef-des-Meeples-with-the-historic-Casino-de-la-Jetee-Promenade-in-Nice-as-the-backdrop.-The-sc.webp?resize=768%2C439&amp;ssl=1 768w, https:\/\/i0.wp.com\/nefdesmeeples.fr\/wp-content\/uploads\/2024\/10\/DALL%C2%B7E-2024-10-29-17.44.23-A-vibrant-photo-of-a-board-game-event-organized-by-La-Nef-des-Meeples-with-the-historic-Casino-de-la-Jetee-Promenade-in-Nice-as-the-backdrop.-The-sc.webp?resize=1536%2C878&amp;ssl=1 1536w, https:\/\/i0.wp.com\/nefdesmeeples.fr\/wp-content\/uploads\/2024\/10\/DALL%C2%B7E-2024-10-29-17.44.23-A-vibrant-photo-of-a-board-game-event-organized-by-La-Nef-des-Meeples-with-the-historic-Casino-de-la-Jetee-Promenade-in-Nice-as-the-backdrop.-The-sc.webp?w=1792&amp;ssl=1 1792w, https:\/\/i0.wp.com\/nefdesmeeples.fr\/wp-content\/uploads\/2024\/10\/DALL%C2%B7E-2024-10-29-17.44.23-A-vibrant-photo-of-a-board-game-event-organized-by-La-Nef-des-Meeples-with-the-historic-Casino-de-la-Jetee-Promenade-in-Nice-as-the-backdrop.-The-sc.webp?w=1280&amp;ssl=1 1280w\" sizes=\"auto, (max-width: 640px) 100vw, 640px\" \/><\/figure>\n<\/div>\n\n\n<ul class=\"wp-block-list\">\n<li><strong>Explorations Ludiques<\/strong> : D\u00e9couvrez une s\u00e9lection de jeux vari\u00e9s, depuis les tr\u00e9sors oubli\u00e9s jusqu&rsquo;aux nouvelles p\u00e9pites ludiques. Nos animateurs (ou capitaines de jeux !) sont l\u00e0 pour expliquer les r\u00e8gles et s\u2019assurer que chaque participant parte \u00e0 l\u2019aventure en toute confiance.<\/li>\n\n\n\n<li><strong>Tournois des Corsaires<\/strong> : Oserez-vous affronter d&rsquo;autres pirates dans des d\u00e9fis acharn\u00e9s ? Rejoignez nos tournois o\u00f9 seuls les plus rus\u00e9s et audacieux parviendront \u00e0 tirer leur \u00e9pingle du jeu. Petits prix et honneurs sont en jeu !<\/li>\n\n\n\n<li><strong>Rencontre de l&rsquo;\u00c9quipage<\/strong> : Faites la connaissance de notre communaut\u00e9 d&rsquo;aventuriers passionn\u00e9s et partagez un moment inoubliable autour de vos jeux pr\u00e9f\u00e9r\u00e9s.<\/li>\n<\/ul>\n\n\n\n<hr class=\"wp-block-separator has-alpha-channel-opacity\"\/>\n\n\n\n<h4 class=\"wp-block-heading\"><strong>Embarquement et Inscription<\/strong><\/h4>\n\n\n\n<p>Pr\u00e9parez-vous \u00e0 monter \u00e0 bord ! Pour chaque manifestation, nous vous invitons \u00e0 vous inscrire en ligne. Lors de l\u2019inscription, indiquez vos jeux pr\u00e9f\u00e9r\u00e9s et vos envies pour optimiser les sessions de jeu. Vous pourrez ainsi choisir de jouer plusieurs parties ou d\u00e9couvrir de nouveaux tr\u00e9sors cach\u00e9s !<\/p>\n\n\n\n<hr class=\"wp-block-separator has-alpha-channel-opacity\"\/>\n\n\n\n<h4 class=\"wp-block-heading\"><strong>Nos Partenaires Locaux<\/strong><\/h4>\n\n\n\n<p>La Nef des Meeples s\u2019allie avec les commerces locaux pour vous offrir un acc\u00e8s privil\u00e9gi\u00e9 aux derni\u00e8res nouveaut\u00e9s et aux tr\u00e9sors cach\u00e9s de l\u2019univers ludique. Gr\u00e2ce \u00e0 nos partenariats avec des boutiques de jeux ni\u00e7oises, nous soutenons l&rsquo;\u00e9conomie locale tout en permettant \u00e0 notre communaut\u00e9 de pirates des meeples d\u2019acc\u00e9der \u00e0 de nouveaux horizons.<\/p>\n\n\n<div class=\"wp-block-image\">\n<figure class=\"aligncenter size-full is-resized\"><img data-recalc-dims=\"1\" loading=\"lazy\" decoding=\"async\" width=\"185\" height=\"76\" src=\"https:\/\/i0.wp.com\/nefdesmeeples.fr\/wp-content\/uploads\/2026\/01\/doppio.png?resize=185%2C76&#038;ssl=1\" alt=\"\" class=\"wp-image-546\" style=\"width:234px;height:auto\"\/><\/figure>\n<\/div>\n\n\n<hr class=\"wp-block-separator has-alpha-channel-opacity\"\/>\n\n\n\n<h4 class=\"wp-block-heading\"><strong>Prochaines Escales<\/strong><\/h4>\n\n\n\n<p>Notre calendrier en ligne vous permet de rep\u00e9rer toutes les prochaines escales de <em>La Nef des Meeples<\/em>. Venez nombreux pour la prochaine \u00e9dition de <strong>\u201cMeeples \u00e0 l\u2019Abordage !\u201d<\/strong> ou attendez la prochaine <strong>Temp\u00eate de Meeples<\/strong> pour une aventure grandiose !<\/p>\n\n\n\n<hr class=\"wp-block-separator has-alpha-channel-opacity\"\/>\n\n\n\n<p>Alors, moussaillons et pirates confirm\u00e9s, \u00eates-vous pr\u00eats \u00e0 embarquer pour l&rsquo;aventure ludique ? Avec <em>La Nef des Meeples<\/em>, chaque manifestation est l\u2019occasion de d\u00e9couvrir des jeux, de forger des alliances, et de voguer vers des horizons de plaisirs et de convivialit\u00e9 !<\/p>\n","protected":false},"excerpt":{"rendered":"<p>Pr\u00e9parez-vous \u00e0 l&rsquo;Aventure Ludique! Bienvenue \u00e0 bord de La Nef des Meeples, o\u00f9 le jeu de soci\u00e9t\u00e9 rencontre l&rsquo;aventure maritime pour cr\u00e9er des \u00e9v\u00e9nements uniques en plein air \u00e0 Nice [&hellip;]<\/p>\n","protected":false},"author":1,"featured_media":0,"parent":0,"menu_order":0,"comment_status":"closed","ping_status":"closed","template":"","meta":{"advanced_seo_description":"","jetpack_seo_html_title":"","jetpack_seo_noindex":false,"_price":"","_stock":"","_tribe_ticket_header":"","_tribe_default_ticket_provider":"","_tribe_ticket_capacity":"0","_ticket_start_date":"","_ticket_end_date":"","_tribe_ticket_show_description":"","_tribe_ticket_show_not_going":false,"_tribe_ticket_use_global_stock":"","_tribe_ticket_global_stock_level":"","_global_stock_mode":"","_global_stock_cap":"","_tribe_rsvp_for_event":"","_tribe_ticket_going_count":"","_tribe_ticket_not_going_count":"","_tribe_tickets_list":"[]","_tribe_ticket_has_attendee_info_fields":false,"_EventAllDay":false,"_EventTimezone":"","_EventStartDate":"","_EventEndDate":"","_EventStartDateUTC":"","_EventEndDateUTC":"","_EventShowMap":false,"_EventShowMapLink":false,"_EventURL":"","_EventCost":"","_EventCostDescription":"","_EventCurrencySymbol":"","_EventCurrencyCode":"","_EventCurrencyPosition":"","_EventDateTimeSeparator":"","_EventTimeRangeSeparator":"","_EventOrganizerID":[],"_EventVenueID":[],"_OrganizerEmail":"","_OrganizerPhone":"","_OrganizerWebsite":"","_VenueAddress":"","_VenueCity":"","_VenueCountry":"","_VenueProvince":"","_VenueState":"","_VenueZip":"","_VenuePhone":"","_VenueURL":"","_VenueStateProvince":"","_VenueLat":"","_VenueLng":"","_VenueShowMap":false,"_VenueShowMapLink":false,"footnotes":"","_tec_slr_enabled":"","_tec_slr_layout":""},"class_list":["post-89","page","type-page","status-publish","hentry"],"jetpack_sharing_enabled":true,"ticketed":false,"_links":{"self":[{"href":"https:\/\/nefdesmeeples.fr\/index.php\/wp-json\/wp\/v2\/pages\/89","targetHints":{"allow":["GET"]}}],"collection":[{"href":"https:\/\/nefdesmeeples.fr\/index.php\/wp-json\/wp\/v2\/pages"}],"about":[{"href":"https:\/\/nefdesmeeples.fr\/index.php\/wp-json\/wp\/v2\/types\/page"}],"author":[{"embeddable":true,"href":"https:\/\/nefdesmeeples.fr\/index.php\/wp-json\/wp\/v2\/users\/1"}],"replies":[{"embeddable":true,"href":"https:\/\/nefdesmeeples.fr\/index.php\/wp-json\/wp\/v2\/comments?post=89"}],"version-history":[{"count":17,"href":"https:\/\/nefdesmeeples.fr\/index.php\/wp-json\/wp\/v2\/pages\/89\/revisions"}],"predecessor-version":[{"id":547,"href":"https:\/\/nefdesmeeples.fr\/index.php\/wp-json\/wp\/v2\/pages\/89\/revisions\/547"}],"wp:attachment":[{"href":"https:\/\/nefdesmeeples.fr\/index.php\/wp-json\/wp\/v2\/media?parent=89"}],"curies":[{"name":"wp","href":"https:\/\/api.w.org\/{rel}","templated":true}]}}